{"id":18674,"date":"2026-01-05T15:18:16","date_gmt":"2026-01-05T15:18:16","guid":{"rendered":"https:\/\/www.tdgiworld.com\/about-tdgi\/recruitment\/"},"modified":"2026-02-16T10:39:02","modified_gmt":"2026-02-16T10:39:02","slug":"recruitment","status":"publish","type":"page","link":"https:\/\/www.tdgiworld.com\/en\/about-tdgi\/recruitment\/","title":{"rendered":"Recruitment"},"content":{"rendered":"\n<style type=\"text\/css\" data-created_by=\"avia_inline_auto\" id=\"style-css-av-jjy7k5dr-8e8b5d66392f05d22d310ee3cbf0f9d1\">\n.avia-section.av-jjy7k5dr-8e8b5d66392f05d22d310ee3cbf0f9d1{\nbackground-color:#0d242e;\nbackground-image:url(https:\/\/www.tdgiworld.com\/wp-content\/uploads\/RECRUTAMENTO_header_slim_3.jpg);\nbackground-repeat:no-repeat;\nbackground-position:50% 100%;\nbackground-attachment:scroll;\n}\n.avia-section.av-jjy7k5dr-8e8b5d66392f05d22d310ee3cbf0f9d1 .av-section-color-overlay{\nopacity:0.5;\nbackground-color:#000000;\n}\n<\/style>\n<div id='av_section_1'  class='avia-section av-jjy7k5dr-8e8b5d66392f05d22d310ee3cbf0f9d1 main_color avia-section-default avia-no-border-styling  avia-builder-el-0  el_before_av_hr  avia-builder-el-first  avia-full-stretch avia-bg-style-scroll av-section-color-overlay-active av-minimum-height av-minimum-height-custom av-height-custom  container_wrap fullsize'  data-section-bg-repeat='stretch' data-av_minimum_height_px='350'><div class=\"av-section-color-overlay-wrap\"><div class=\"av-section-color-overlay\"><\/div><div class='container av-section-cont-open' style='height:350px'><main  role=\"main\" itemprop=\"mainContentOfPage\"  class='template-page content  av-content-full alpha units'><div class='post-entry post-entry-type-page post-entry-18674'><div class='entry-content-wrapper clearfix'>\n\n<style type=\"text\/css\" data-created_by=\"avia_inline_auto\" id=\"style-css-av-k6unqld4-febff021f5b0975fef7fb52b0c54bab8\">\n#top .av-special-heading.av-k6unqld4-febff021f5b0975fef7fb52b0c54bab8{\nmargin:20px 0 0 0;\npadding-bottom:10px;\ncolor:#ffffff;\n}\nbody .av-special-heading.av-k6unqld4-febff021f5b0975fef7fb52b0c54bab8 .av-special-heading-tag .heading-char{\nfont-size:25px;\n}\n.av-special-heading.av-k6unqld4-febff021f5b0975fef7fb52b0c54bab8 .special-heading-inner-border{\nborder-color:#ffffff;\n}\n.av-special-heading.av-k6unqld4-febff021f5b0975fef7fb52b0c54bab8 .av-subheading{\nfont-size:16px;\n}\n<\/style>\n<div  class='av-special-heading av-k6unqld4-febff021f5b0975fef7fb52b0c54bab8 av-special-heading-h1 custom-color-heading blockquote modern-quote  avia-builder-el-1  el_before_av_heading  avia-builder-el-first '><h1 class='av-special-heading-tag '  itemprop=\"headline\"  >Recruitment<\/h1><div class=\"special-heading-border\"><div class=\"special-heading-inner-border\"><\/div><\/div><\/div>\n\n<style type=\"text\/css\" data-created_by=\"avia_inline_auto\" id=\"style-css-av-mlksu5pq-e887a1fd8a91d5288c14869deaa6c915\">\n#top .av-special-heading.av-mlksu5pq-e887a1fd8a91d5288c14869deaa6c915{\nmargin:20px 0 0 0;\npadding-bottom:10px;\ncolor:#ffffff;\n}\nbody .av-special-heading.av-mlksu5pq-e887a1fd8a91d5288c14869deaa6c915 .av-special-heading-tag .heading-char{\nfont-size:25px;\n}\n.av-special-heading.av-mlksu5pq-e887a1fd8a91d5288c14869deaa6c915 .special-heading-inner-border{\nborder-color:#ffffff;\n}\n.av-special-heading.av-mlksu5pq-e887a1fd8a91d5288c14869deaa6c915 .av-subheading{\nfont-size:16px;\n}\n<\/style>\n<div  class='av-special-heading av-mlksu5pq-e887a1fd8a91d5288c14869deaa6c915 av-special-heading-h2 custom-color-heading blockquote modern-quote  avia-builder-el-2  el_after_av_heading  avia-builder-el-last '><h2 class='av-special-heading-tag '  itemprop=\"headline\"  >Work with us in the areas of Engineering, Management and Maintenance <\/h2><div class=\"special-heading-border\"><div class=\"special-heading-inner-border\"><\/div><\/div><\/div>\n<\/div><\/div><\/main><!-- close content main element --><\/div><\/div><\/div><div id='after_section_1'  class='main_color av_default_container_wrap container_wrap fullsize'  ><div class='container av-section-cont-open' ><div class='template-page content  av-content-full alpha units'><div class='post-entry post-entry-type-page post-entry-18674'><div class='entry-content-wrapper clearfix'>\n\n<style type=\"text\/css\" data-created_by=\"avia_inline_auto\" id=\"style-css-av-mlkta67r-49c87964ad5feb87e9c6b71d40ac8749\">\n#top .hr.hr-invisible.av-mlkta67r-49c87964ad5feb87e9c6b71d40ac8749{\nheight:50px;\n}\n<\/style>\n<div  class='hr av-mlkta67r-49c87964ad5feb87e9c6b71d40ac8749 hr-invisible  avia-builder-el-3  el_after_av_section  el_before_av_two_fifth  avia-builder-el-first '><span class='hr-inner '><span class=\"hr-inner-style\"><\/span><\/span><\/div>\n<div  class='flex_column av-1gptmn5-885f2f3a8f57fe827c77635396240280 av_two_fifth  avia-builder-el-4  el_after_av_hr  el_before_av_three_fifth  first flex_column_div  '     ><style type=\"text\/css\" data-created_by=\"avia_inline_auto\" id=\"style-css-av-mlkt7p3k-13ed826c9648cb7233473f8fa142204d\">\n.avia-image-container.av-mlkt7p3k-13ed826c9648cb7233473f8fa142204d img.avia_image{\nbox-shadow:none;\n}\n.avia-image-container.av-mlkt7p3k-13ed826c9648cb7233473f8fa142204d .av-image-caption-overlay-center{\ncolor:#ffffff;\n}\n<\/style>\n<div  class='avia-image-container av-mlkt7p3k-13ed826c9648cb7233473f8fa142204d av-styling- avia-align-center  avia-builder-el-5  avia-builder-el-no-sibling '   itemprop=\"image\" itemscope=\"itemscope\" itemtype=\"https:\/\/schema.org\/ImageObject\" ><div class=\"avia-image-container-inner\"><div class=\"avia-image-overlay-wrap\"><img decoding=\"async\" fetchpriority=\"high\" class='wp-image-18916 avia-img-lazy-loading-not-18916 avia_image ' src=\"https:\/\/www.tdgiworld.com\/wp-content\/uploads\/generica-industria_low-495x400.jpg\" alt='recrutamento manuten\u00e7\u00e3o' title='gen\u00e9rica ind\u00fastria_low'  height=\"400\" width=\"495\"  itemprop=\"thumbnailUrl\" srcset=\"https:\/\/www.tdgiworld.com\/wp-content\/uploads\/generica-industria_low-495x400.jpg 495w, https:\/\/www.tdgiworld.com\/wp-content\/uploads\/generica-industria_low-845x683.jpg 845w\" sizes=\"(max-width: 495px) 100vw, 495px\" \/><\/div><\/div><\/div><\/div>\n<div  class='flex_column av-10xpt7l-29a318adc620f5283538b62ead23ffeb av_three_fifth  avia-builder-el-6  el_after_av_two_fifth  el_before_av_hr  flex_column_div  '     ><section  class='av_textblock_section av-mlku2n0z-e5e74f1c19a7f8eab05526cad7fc771a '   itemscope=\"itemscope\" itemtype=\"https:\/\/schema.org\/CreativeWork\" ><div class='avia_textblock'  itemprop=\"text\" ><p style=\"text-align: left;\">TDGI is a Teixeira Duarte Group company operating in the field of Facility Management, taking on the overall management, operation and technical responsibilities for infrastructure, equipment and facilities, thereby allowing the client to focus exclusively on their core business.<\/p>\n<p style=\"text-align: left;\">TDGI was founded in 2000 as a natural consequence of the work carried out in the areas of Facility Management and the growing demand from clients who wanted to extend their relationship of trust with the group through contracts for the management and maintenance of their assets.<\/p>\n<p style=\"text-align: left;\">Present in nine countries (Portugal, <a href=\"https:\/\/www.tdgiangola.com\/\" target=\"_blank\" rel=\"noopener\">Angola<\/a>, <a href=\"https:\/\/www.tdgimocambique.com\/\" target=\"_blank\" rel=\"noopener\">Mozambique<\/a>,<a href=\"https:\/\/www.tdgiespana.com\/\" target=\"_blank\" rel=\"noopener\"> Spain<\/a>, <a href=\"https:\/\/tdgibrasil.com\/\" target=\"_blank\" rel=\"noopener\">Brazil<\/a>, <a href=\"https:\/\/tdgibelgium.com\/\" target=\"_blank\" rel=\"noopener\">Belgium, Luxembourg<\/a>, Algeria, and Qatar), TDGI aims to be a trusted partner for its clients in the management, maintenance, and conservation of their assets, with the clear objective of \u2018Total Customer Satisfaction.\u2019<\/p>\n<p style=\"text-align: left;\">See our offers <a href=\"https:\/\/jobpage.cvwarehouse.com\/?companyGuid=75c09019-888c-41a1-8d24-4e4f654f80ba&amp;lang=pt-PT\" target=\"_blank\" rel=\"noopener\">here<\/a> <\/p>\n<\/div><\/section><\/div>\n<style type=\"text\/css\" data-created_by=\"avia_inline_auto\" id=\"style-css-av-mykdvl-0e3709bbdbb0d1e496ed460a5df6da66\">\n#top .hr.hr-invisible.av-mykdvl-0e3709bbdbb0d1e496ed460a5df6da66{\nheight:50px;\n}\n<\/style>\n<div  class='hr av-mykdvl-0e3709bbdbb0d1e496ed460a5df6da66 hr-invisible  avia-builder-el-8  el_after_av_three_fifth  avia-builder-el-last '><span class='hr-inner '><span class=\"hr-inner-style\"><\/span><\/span><\/div><\/p>\n","protected":false},"excerpt":{"rendered":"","protected":false},"author":4,"featured_media":0,"parent":8871,"menu_order":6,"comment_status":"closed","ping_status":"closed","template":"","meta":{"footnotes":"","_links_to":"","_links_to_target":""},"class_list":["post-18674","page","type-page","status-publish","hentry"],"yoast_head":"<!-- This site is optimized with the Yoast SEO Premium plugin v27.1 (Yoast SEO v27.1.1) - https:\/\/yoast.com\/product\/yoast-seo-premium-wordpress\/ -->\n<title>Recruitment in Engineering, Management and Maintenance<\/title>\n<meta name=\"description\" content=\"Recruitment in engineering and specialised technical maintenance, with continuous training and career progression.\" \/>\n<meta name=\"robots\" content=\"index, follow, max-snippet:-1, max-image-preview:large, max-video-preview:-1\" \/>\n<link rel=\"canonical\" href=\"https:\/\/www.tdgiworld.com\/en\/about-tdgi\/recruitment\/\" \/>\n<meta property=\"og:locale\" content=\"en_US\" \/>\n<meta property=\"og:type\" content=\"article\" \/>\n<meta property=\"og:title\" content=\"Recruitment\" \/>\n<meta property=\"og:description\" content=\"Recruitment in engineering and specialised technical maintenance, with continuous training and career progression.\" \/>\n<meta property=\"og:url\" content=\"https:\/\/www.tdgiworld.com\/en\/about-tdgi\/recruitment\/\" \/>\n<meta property=\"og:site_name\" content=\"TDGI - Tecnologia de Gest\u00e3o de Im\u00f3veis, S.A\" \/>\n<meta property=\"article:modified_time\" content=\"2026-02-16T10:39:02+00:00\" \/>\n<meta name=\"twitter:card\" content=\"summary_large_image\" \/>\n<meta name=\"twitter:label1\" content=\"Est. reading time\" \/>\n\t<meta name=\"twitter:data1\" content=\"12 minutes\" \/>\n<script type=\"application\/ld+json\" class=\"yoast-schema-graph\">{\"@context\":\"https:\/\/schema.org\",\"@graph\":[{\"@type\":\"WebPage\",\"@id\":\"https:\/\/www.tdgiworld.com\/en\/about-tdgi\/recruitment\/\",\"url\":\"https:\/\/www.tdgiworld.com\/en\/about-tdgi\/recruitment\/\",\"name\":\"Recruitment in Engineering, Management and Maintenance\",\"isPartOf\":{\"@id\":\"https:\/\/www.tdgiworld.com\/#website\"},\"datePublished\":\"2026-01-05T15:18:16+00:00\",\"dateModified\":\"2026-02-16T10:39:02+00:00\",\"description\":\"Recruitment in engineering and specialised technical maintenance, with continuous training and career progression.\",\"breadcrumb\":{\"@id\":\"https:\/\/www.tdgiworld.com\/en\/about-tdgi\/recruitment\/#breadcrumb\"},\"inLanguage\":\"en-US\",\"potentialAction\":[{\"@type\":\"ReadAction\",\"target\":[\"https:\/\/www.tdgiworld.com\/en\/about-tdgi\/recruitment\/\"]}]},{\"@type\":\"BreadcrumbList\",\"@id\":\"https:\/\/www.tdgiworld.com\/en\/about-tdgi\/recruitment\/#breadcrumb\",\"itemListElement\":[{\"@type\":\"ListItem\",\"position\":1,\"name\":\"In\u00edcio\",\"item\":\"https:\/\/www.tdgiworld.com\/en\/home\/\"},{\"@type\":\"ListItem\",\"position\":2,\"name\":\"ABOUT TDGI\",\"item\":\"https:\/\/www.tdgiworld.com\/en\/about-tdgi\/the-company\/\"},{\"@type\":\"ListItem\",\"position\":3,\"name\":\"Recruitment\"}]},{\"@type\":\"WebSite\",\"@id\":\"https:\/\/www.tdgiworld.com\/#website\",\"url\":\"https:\/\/www.tdgiworld.com\/\",\"name\":\"TDGI - Tecnologia de Gest\u00e3o de Im\u00f3veis, S.A\",\"description\":\"\",\"publisher\":{\"@id\":\"https:\/\/www.tdgiworld.com\/#organization\"},\"alternateName\":\"TDGI\",\"potentialAction\":[{\"@type\":\"SearchAction\",\"target\":{\"@type\":\"EntryPoint\",\"urlTemplate\":\"https:\/\/www.tdgiworld.com\/?s={search_term_string}\"},\"query-input\":{\"@type\":\"PropertyValueSpecification\",\"valueRequired\":true,\"valueName\":\"search_term_string\"}}],\"inLanguage\":\"en-US\"},{\"@type\":\"Organization\",\"@id\":\"https:\/\/www.tdgiworld.com\/#organization\",\"name\":\"TDGI Portugal\",\"alternateName\":\"TDGI\",\"url\":\"https:\/\/www.tdgiworld.com\/\",\"logo\":{\"@type\":\"ImageObject\",\"inLanguage\":\"en-US\",\"@id\":\"https:\/\/www.tdgiworld.com\/#\/schema\/logo\/image\/\",\"url\":\"https:\/\/www.tdgiworld.com\/wp-content\/uploads\/2018\/01\/logo_TDGI_home_2.png\",\"contentUrl\":\"https:\/\/www.tdgiworld.com\/wp-content\/uploads\/2018\/01\/logo_TDGI_home_2.png\",\"width\":170,\"height\":77,\"caption\":\"TDGI Portugal\"},\"image\":{\"@id\":\"https:\/\/www.tdgiworld.com\/#\/schema\/logo\/image\/\"},\"sameAs\":[\"https:\/\/pt.linkedin.com\/company\/tdgiworld?trk=similar-pages\",\"http:\/\/www.youtube.com\/@worldtdgi\"]}]}<\/script>\n<!-- \/ Yoast SEO Premium plugin. -->","yoast_head_json":{"title":"Recruitment in Engineering, Management and Maintenance","description":"Recruitment in engineering and specialised technical maintenance, with continuous training and career progression.","robots":{"index":"index","follow":"follow","max-snippet":"max-snippet:-1","max-image-preview":"max-image-preview:large","max-video-preview":"max-video-preview:-1"},"canonical":"https:\/\/www.tdgiworld.com\/en\/about-tdgi\/recruitment\/","og_locale":"en_US","og_type":"article","og_title":"Recruitment","og_description":"Recruitment in engineering and specialised technical maintenance, with continuous training and career progression.","og_url":"https:\/\/www.tdgiworld.com\/en\/about-tdgi\/recruitment\/","og_site_name":"TDGI - Tecnologia de Gest\u00e3o de Im\u00f3veis, S.A","article_modified_time":"2026-02-16T10:39:02+00:00","twitter_card":"summary_large_image","twitter_misc":{"Est. reading time":"12 minutes"},"schema":{"@context":"https:\/\/schema.org","@graph":[{"@type":"WebPage","@id":"https:\/\/www.tdgiworld.com\/en\/about-tdgi\/recruitment\/","url":"https:\/\/www.tdgiworld.com\/en\/about-tdgi\/recruitment\/","name":"Recruitment in Engineering, Management and Maintenance","isPartOf":{"@id":"https:\/\/www.tdgiworld.com\/#website"},"datePublished":"2026-01-05T15:18:16+00:00","dateModified":"2026-02-16T10:39:02+00:00","description":"Recruitment in engineering and specialised technical maintenance, with continuous training and career progression.","breadcrumb":{"@id":"https:\/\/www.tdgiworld.com\/en\/about-tdgi\/recruitment\/#breadcrumb"},"inLanguage":"en-US","potentialAction":[{"@type":"ReadAction","target":["https:\/\/www.tdgiworld.com\/en\/about-tdgi\/recruitment\/"]}]},{"@type":"BreadcrumbList","@id":"https:\/\/www.tdgiworld.com\/en\/about-tdgi\/recruitment\/#breadcrumb","itemListElement":[{"@type":"ListItem","position":1,"name":"In\u00edcio","item":"https:\/\/www.tdgiworld.com\/en\/home\/"},{"@type":"ListItem","position":2,"name":"ABOUT TDGI","item":"https:\/\/www.tdgiworld.com\/en\/about-tdgi\/the-company\/"},{"@type":"ListItem","position":3,"name":"Recruitment"}]},{"@type":"WebSite","@id":"https:\/\/www.tdgiworld.com\/#website","url":"https:\/\/www.tdgiworld.com\/","name":"TDGI - Tecnologia de Gest\u00e3o de Im\u00f3veis, S.A","description":"","publisher":{"@id":"https:\/\/www.tdgiworld.com\/#organization"},"alternateName":"TDGI","potentialAction":[{"@type":"SearchAction","target":{"@type":"EntryPoint","urlTemplate":"https:\/\/www.tdgiworld.com\/?s={search_term_string}"},"query-input":{"@type":"PropertyValueSpecification","valueRequired":true,"valueName":"search_term_string"}}],"inLanguage":"en-US"},{"@type":"Organization","@id":"https:\/\/www.tdgiworld.com\/#organization","name":"TDGI Portugal","alternateName":"TDGI","url":"https:\/\/www.tdgiworld.com\/","logo":{"@type":"ImageObject","inLanguage":"en-US","@id":"https:\/\/www.tdgiworld.com\/#\/schema\/logo\/image\/","url":"https:\/\/www.tdgiworld.com\/wp-content\/uploads\/2018\/01\/logo_TDGI_home_2.png","contentUrl":"https:\/\/www.tdgiworld.com\/wp-content\/uploads\/2018\/01\/logo_TDGI_home_2.png","width":170,"height":77,"caption":"TDGI Portugal"},"image":{"@id":"https:\/\/www.tdgiworld.com\/#\/schema\/logo\/image\/"},"sameAs":["https:\/\/pt.linkedin.com\/company\/tdgiworld?trk=similar-pages","http:\/\/www.youtube.com\/@worldtdgi"]}]}},"_links":{"self":[{"href":"https:\/\/www.tdgiworld.com\/en\/wp-json\/wp\/v2\/pages\/18674","targetHints":{"allow":["GET"]}}],"collection":[{"href":"https:\/\/www.tdgiworld.com\/en\/wp-json\/wp\/v2\/pages"}],"about":[{"href":"https:\/\/www.tdgiworld.com\/en\/wp-json\/wp\/v2\/types\/page"}],"author":[{"embeddable":true,"href":"https:\/\/www.tdgiworld.com\/en\/wp-json\/wp\/v2\/users\/4"}],"replies":[{"embeddable":true,"href":"https:\/\/www.tdgiworld.com\/en\/wp-json\/wp\/v2\/comments?post=18674"}],"version-history":[{"count":5,"href":"https:\/\/www.tdgiworld.com\/en\/wp-json\/wp\/v2\/pages\/18674\/revisions"}],"predecessor-version":[{"id":18926,"href":"https:\/\/www.tdgiworld.com\/en\/wp-json\/wp\/v2\/pages\/18674\/revisions\/18926"}],"up":[{"embeddable":true,"href":"https:\/\/www.tdgiworld.com\/en\/wp-json\/wp\/v2\/pages\/8871"}],"wp:attachment":[{"href":"https:\/\/www.tdgiworld.com\/en\/wp-json\/wp\/v2\/media?parent=18674"}],"curies":[{"name":"wp","href":"https:\/\/api.w.org\/{rel}","templated":true}]}}