{"id":3156,"date":"2018-06-20T10:52:47","date_gmt":"2018-06-20T10:52:47","guid":{"rendered":"https:\/\/www.tdgiworld.com\/outras-certificacoes\/"},"modified":"2021-05-14T11:06:55","modified_gmt":"2021-05-14T11:06:55","slug":"outras-certificacoes","status":"publish","type":"page","link":"https:\/\/www.tdgiworld.com\/es\/outras-certificacoes\/","title":{"rendered":"Otras Certificaciones"},"content":{"rendered":"\n<style type=\"text\/css\" data-created_by=\"avia_inline_auto\" id=\"style-css-av-jimx0juv-bbd4a3282a24f900b3e57a608c019379\">\n.avia-section.av-jimx0juv-bbd4a3282a24f900b3e57a608c019379{\nbackground-repeat:no-repeat;\nbackground-image:url(https:\/\/www.tdgiworld.com\/wp-content\/uploads\/CERTIFICACAO_banner.jpg);\nbackground-position:0% 0%;\nbackground-attachment:scroll;\n}\n.avia-section.av-jimx0juv-bbd4a3282a24f900b3e57a608c019379 .av-section-color-overlay{\nopacity:0.3;\nbackground-color:#000000;\n}\n<\/style>\n<div id='av_section_1'  class='avia-section av-jimx0juv-bbd4a3282a24f900b3e57a608c019379 main_color avia-section-default avia-no-border-styling  avia-builder-el-0  el_before_av_section  avia-builder-el-first  av-desktop-hide av-medium-hide avia-full-stretch avia-bg-style-scroll av-section-color-overlay-active container_wrap fullsize'  data-section-bg-repeat='stretch'><div class=\"av-section-color-overlay-wrap\"><div class=\"av-section-color-overlay\"><\/div><div class='container av-section-cont-open' ><main  role=\"main\" itemprop=\"mainContentOfPage\"  class='template-page content  av-content-full alpha units'><div class='post-entry post-entry-type-page post-entry-3156'><div class='entry-content-wrapper clearfix'>\n\n<style type=\"text\/css\" data-created_by=\"avia_inline_auto\" id=\"style-css-av-av_heading-ab040dd1948bd9b2597dac6c0951d0bd\">\n#top .av-special-heading.av-av_heading-ab040dd1948bd9b2597dac6c0951d0bd{\nmargin:10px 0 0 0;\npadding-bottom:10px;\ncolor:#ffffff;\n}\nbody .av-special-heading.av-av_heading-ab040dd1948bd9b2597dac6c0951d0bd .av-special-heading-tag .heading-char{\nfont-size:25px;\n}\n.av-special-heading.av-av_heading-ab040dd1948bd9b2597dac6c0951d0bd .special-heading-inner-border{\nborder-color:#ffffff;\n}\n.av-special-heading.av-av_heading-ab040dd1948bd9b2597dac6c0951d0bd .av-subheading{\nfont-size:15px;\n}\n<\/style>\n<div  class='av-special-heading av-av_heading-ab040dd1948bd9b2597dac6c0951d0bd av-special-heading-h1 custom-color-heading blockquote modern-quote  avia-builder-el-1  avia-builder-el-no-sibling '><h1 class='av-special-heading-tag '  itemprop=\"headline\"  >Otras Certificaciones<\/h1><div class=\"special-heading-border\"><div class=\"special-heading-inner-border\"><\/div><\/div><\/div>\n\n<\/div><\/div><\/main><!-- close content main element --><\/div><\/div><\/div>\n<style type=\"text\/css\" data-created_by=\"avia_inline_auto\" id=\"style-css-av-jimx0juv-821dd7caa595a75a15cee35dee229a83\">\n.avia-section.av-jimx0juv-821dd7caa595a75a15cee35dee229a83{\nbackground-repeat:no-repeat;\nbackground-image:url(https:\/\/www.tdgiworld.com\/wp-content\/uploads\/CERTIFICACAO_banner.jpg);\nbackground-position:0% 0%;\nbackground-attachment:scroll;\n}\n.avia-section.av-jimx0juv-821dd7caa595a75a15cee35dee229a83 .av-section-color-overlay{\nopacity:0.3;\nbackground-color:#000000;\n}\n<\/style>\n<div id='av_section_2'  class='avia-section av-jimx0juv-821dd7caa595a75a15cee35dee229a83 main_color avia-section-default avia-no-border-styling  avia-builder-el-2  el_after_av_section  el_before_av_section  av-small-hide av-mini-hide avia-full-stretch avia-bg-style-scroll av-section-color-overlay-active av-minimum-height av-minimum-height-custom av-height-custom  container_wrap fullsize'  data-section-bg-repeat='stretch' data-av_minimum_height_px='350'><div class=\"av-section-color-overlay-wrap\"><div class=\"av-section-color-overlay\"><\/div><div class='container av-section-cont-open' style='height:350px'><div class='template-page content  av-content-full alpha units'><div class='post-entry post-entry-type-page post-entry-3156'><div class='entry-content-wrapper clearfix'>\n\n<style type=\"text\/css\" data-created_by=\"avia_inline_auto\" id=\"style-css-av-k9so2xvl-c20f2723030ce784d1e7bc36f872048d\">\n#top .hr.hr-invisible.av-k9so2xvl-c20f2723030ce784d1e7bc36f872048d{\nheight:50px;\n}\n<\/style>\n<div  class='hr av-k9so2xvl-c20f2723030ce784d1e7bc36f872048d hr-invisible  avia-builder-el-3  el_before_av_heading  avia-builder-el-first '><span class='hr-inner '><span class=\"hr-inner-style\"><\/span><\/span><\/div>\n\n<style type=\"text\/css\" data-created_by=\"avia_inline_auto\" id=\"style-css-av-av_heading-ab040dd1948bd9b2597dac6c0951d0bd\">\n#top .av-special-heading.av-av_heading-ab040dd1948bd9b2597dac6c0951d0bd{\nmargin:10px 0 0 0;\npadding-bottom:10px;\ncolor:#ffffff;\n}\nbody .av-special-heading.av-av_heading-ab040dd1948bd9b2597dac6c0951d0bd .av-special-heading-tag .heading-char{\nfont-size:25px;\n}\n.av-special-heading.av-av_heading-ab040dd1948bd9b2597dac6c0951d0bd .special-heading-inner-border{\nborder-color:#ffffff;\n}\n.av-special-heading.av-av_heading-ab040dd1948bd9b2597dac6c0951d0bd .av-subheading{\nfont-size:15px;\n}\n<\/style>\n<div  class='av-special-heading av-av_heading-ab040dd1948bd9b2597dac6c0951d0bd av-special-heading-h1 custom-color-heading blockquote modern-quote  avia-builder-el-4  el_after_av_hr  avia-builder-el-last '><h1 class='av-special-heading-tag '  itemprop=\"headline\"  >Otras Certificaciones<\/h1><div class=\"special-heading-border\"><div class=\"special-heading-inner-border\"><\/div><\/div><\/div>\n\n<\/div><\/div><\/div><!-- close content main div --><\/div><\/div><\/div>\n<style type=\"text\/css\" data-created_by=\"avia_inline_auto\" id=\"style-css-av-8ldss-19dd209981da091367f42885ffb67ae3\">\n.avia-section.av-8ldss-19dd209981da091367f42885ffb67ae3{\nbackground-color:#ffffff;\nbackground-image:url(https:\/\/www.tdgiworld.com\/wp-content\/uploads\/BG_home_7.jpg);\nbackground-repeat:no-repeat;\nbackground-position:50% 0%;\nbackground-attachment:scroll;\n}\n.avia-section.av-8ldss-19dd209981da091367f42885ffb67ae3 .av-section-color-overlay{\nopacity:0.8;\nbackground-color:#ffffff;\n}\n<\/style>\n<div id='av_section_3'  class='avia-section av-8ldss-19dd209981da091367f42885ffb67ae3 main_color avia-section-large avia-no-border-styling  avia-builder-el-5  el_after_av_section  avia-builder-el-last  avia-full-stretch avia-bg-style-scroll av-section-color-overlay-active container_wrap fullsize'  data-section-bg-repeat='stretch'><div class=\"av-section-color-overlay-wrap\"><div class=\"av-section-color-overlay\"><\/div><div class='container av-section-cont-open' ><div class='template-page content  av-content-full alpha units'><div class='post-entry post-entry-type-page post-entry-3156'><div class='entry-content-wrapper clearfix'>\n\n<style type=\"text\/css\" data-created_by=\"avia_inline_auto\" id=\"style-css-av-k9so2xvl-911d2ae6107acce81b7dbcfcea4df68c\">\n#top .hr.hr-invisible.av-k9so2xvl-911d2ae6107acce81b7dbcfcea4df68c{\nmargin-top:-50px;\nheight:1px;\n}\n<\/style>\n<div  class='hr av-k9so2xvl-911d2ae6107acce81b7dbcfcea4df68c hr-invisible  avia-builder-el-6  el_before_av_two_third  avia-builder-el-first  av-desktop-hide av-medium-hide'><span class='hr-inner '><span class=\"hr-inner-style\"><\/span><\/span><\/div>\n<div class='flex_column_table av-jju65p3m-ccd44414c8835101f8fcbdf0c92a1b4b sc-av_two_third av-equal-height-column-flextable'>\n<style type=\"text\/css\" data-created_by=\"avia_inline_auto\" id=\"style-css-av-jju65p3m-ccd44414c8835101f8fcbdf0c92a1b4b\">\n.flex_column.av-jju65p3m-ccd44414c8835101f8fcbdf0c92a1b4b{\nborder-radius:0px 0px 0px 0px;\npadding:0px 0px 0px 0px;\n}\n<\/style>\n<div  class='flex_column av-jju65p3m-ccd44414c8835101f8fcbdf0c92a1b4b av_two_third  avia-builder-el-7  el_after_av_hr  el_before_av_one_third  first flex_column_table_cell av-equal-height-column av-align-top av-zero-column-padding  '     ><style type=\"text\/css\" data-created_by=\"avia_inline_auto\" id=\"style-css-av-6tdpk-bc1757189ce491e008dd16c314bd41c0\">\n#top .av_textblock_section.av-6tdpk-bc1757189ce491e008dd16c314bd41c0 .avia_textblock{\nfont-size:14px;\n}\n<\/style>\n<section  class='av_textblock_section av-6tdpk-bc1757189ce491e008dd16c314bd41c0 '   itemscope=\"itemscope\" itemtype=\"https:\/\/schema.org\/CreativeWork\" ><div class='avia_textblock'  itemprop=\"text\" ><ul class=\"list\">\n<li>Permiso de construcci\u00f3n n\u00ba 61988-PUB, seg\u00fan la Ordenanza 16\/2004.<\/li>\n<li>Registro n\u00ba 871, con la Autoridad Nacional de Protecci\u00f3n Civil (ANPC), en virtud del Decreto 773\/2009.<\/li>\n<li>Calificaci\u00f3n de Empresa de Servicios Energ\u00e9ticos (ESE) &#8211; Nivel 2, de la Direcci\u00f3n General de Energ\u00eda y Geolog\u00eda, seg\u00fan el Decreto-Ley 29\/2011.<\/li>\n<li>Credencial No. 1348, de la Entidad de Montaje de Aparatos de Gas, por la Direcci\u00f3n General de Energ\u00eda y Geolog\u00eda, de conformidad con el Decreto-Ley 263\/89.<\/li>\n<\/ul>\n<\/div><\/section><br \/>\n\n<style type=\"text\/css\" data-created_by=\"avia_inline_auto\" id=\"style-css-av-av_heading-0ded59b70708e2f22f2fae8a39a09576\">\n#top .av-special-heading.av-av_heading-0ded59b70708e2f22f2fae8a39a09576{\npadding-bottom:10px;\ncolor:#3388a4;\n}\nbody .av-special-heading.av-av_heading-0ded59b70708e2f22f2fae8a39a09576 .av-special-heading-tag .heading-char{\nfont-size:25px;\n}\n.av-special-heading.av-av_heading-0ded59b70708e2f22f2fae8a39a09576 .special-heading-inner-border{\nborder-color:#3388a4;\n}\n.av-special-heading.av-av_heading-0ded59b70708e2f22f2fae8a39a09576 .av-subheading{\nfont-size:15px;\n}\n<\/style>\n<div  class='av-special-heading av-av_heading-0ded59b70708e2f22f2fae8a39a09576 av-special-heading-h2 custom-color-heading blockquote modern-quote  avia-builder-el-9  el_after_av_textblock  el_before_av_textblock '><h2 class='av-special-heading-tag '  itemprop=\"headline\"  >Acreditaci\u00f3n t\u00e9cnica<\/h2><div class=\"special-heading-border\"><div class=\"special-heading-inner-border\"><\/div><\/div><\/div><br \/>\n\n<style type=\"text\/css\" data-created_by=\"avia_inline_auto\" id=\"style-css-av-6tdpk-bc1757189ce491e008dd16c314bd41c0\">\n#top .av_textblock_section.av-6tdpk-bc1757189ce491e008dd16c314bd41c0 .avia_textblock{\nfont-size:14px;\n}\n<\/style>\n<section  class='av_textblock_section av-6tdpk-bc1757189ce491e008dd16c314bd41c0 '   itemscope=\"itemscope\" itemtype=\"https:\/\/schema.org\/CreativeWork\" ><div class='avia_textblock'  itemprop=\"text\" ><ul class=\"list\">\n<li>TIM &#8211; T\u00e9cnicos de instalaci\u00f3n y mantenimiento, de conformidad con la Ley 58\/2013 y el Decreto-Ley 118\/2013<\/li>\n<li>T\u00e9cnicos del Grupo A y del Grupo B calificados bajo el Reglamento (CE) 1005\/2009 para transferencia, reciclaje, recuperaci\u00f3n y destrucci\u00f3n de sustancias que agotan la capa de ozono y para intervenciones de recuperaci\u00f3n para el reciclaje, recuperaci\u00f3n y destrucci\u00f3n de estas sustancias, contenidos en equipos de refrigeraci\u00f3n, aire acondicionado, bombas de calor, extintores y sistemas de protecci\u00f3n contra incendios, as\u00ed como intervenciones de mantenimiento y asistencia para dichos equipos, incluida la detecci\u00f3n de cualquier fuga de estas sustancias<\/li>\n<li>TREIE &#8211; T\u00e9cnicos responsables de operar instalaciones el\u00e9ctricas de bajo voltaje para servicio privado<\/li>\n<li>Instaladores de sistemas solares t\u00e9rmicos.<\/li>\n<li>Mec\u00e1nica de electrodom\u00e9sticos de gas<\/li>\n<li>CMVP: Profesional certificado en medici\u00f3n y verificaci\u00f3n, bajo el Protocolo internacional de medici\u00f3n y verificaci\u00f3n del rendimiento (IPMVP)<\/li>\n<\/ul>\n<\/div><\/section><\/p><\/div><div class='av-flex-placeholder'><\/div>\n<style type=\"text\/css\" data-created_by=\"avia_inline_auto\" id=\"style-css-av-tagm-afb84d997b104a3b2b1548d99176006f\">\n.flex_column.av-tagm-afb84d997b104a3b2b1548d99176006f{\nborder-radius:0px 0px 0px 0px;\npadding:40px 40px 40px 40px;\nbackground:url(https:\/\/www.tdgiworld.com\/wp-content\/uploads\/BG_grey_gradient_short_alpha_50.png) 0% 0% repeat-x scroll ;\n}\n<\/style>\n<div  class='flex_column av-tagm-afb84d997b104a3b2b1548d99176006f av_one_third  avia-builder-el-11  el_after_av_two_third  el_before_av_hr  flex_column_table_cell av-equal-height-column av-align-top  '     ><p>\n<style type=\"text\/css\" data-created_by=\"avia_inline_auto\" id=\"style-css-av-av_heading-fb3247aa4ecdb934435e274fe005ea15\">\n#top .av-special-heading.av-av_heading-fb3247aa4ecdb934435e274fe005ea15{\npadding-bottom:0;\n}\nbody .av-special-heading.av-av_heading-fb3247aa4ecdb934435e274fe005ea15 .av-special-heading-tag .heading-char{\nfont-size:25px;\n}\n.av-special-heading.av-av_heading-fb3247aa4ecdb934435e274fe005ea15 .av-subheading{\nfont-size:15px;\n}\n<\/style>\n<div  class='av-special-heading av-av_heading-fb3247aa4ecdb934435e274fe005ea15 av-special-heading-h3  avia-builder-el-12  el_before_av_textblock  avia-builder-el-first '><h3 class='av-special-heading-tag '  itemprop=\"headline\"  >Certificados<\/h3><div class=\"special-heading-border\"><div class=\"special-heading-inner-border\"><\/div><\/div><\/div><br \/>\n\n<style type=\"text\/css\" data-created_by=\"avia_inline_auto\" id=\"style-css-av-6tdpk-ce0999313854ce9250715c3a329e0f43\">\n#top .av_textblock_section.av-6tdpk-ce0999313854ce9250715c3a329e0f43 .avia_textblock{\nfont-size:15px;\n}\n<\/style>\n<section  class='av_textblock_section av-6tdpk-ce0999313854ce9250715c3a329e0f43 '   itemscope=\"itemscope\" itemtype=\"https:\/\/schema.org\/CreativeWork\" ><div class='avia_textblock'  itemprop=\"text\" ><p><strong>NP 4492<\/strong><br \/>\nSuministro de Servicios de Manteniemento<\/p>\n<\/div><\/section><br \/>\n<div  class='avia-button-wrap av-jimxqusw-655ef9fa36de98f6ca5a50b81d6290be-wrap avia-button-left  avia-builder-el-14  el_after_av_textblock  el_before_av_hr '><a href='https:\/\/www.tdgiworld.com\/wp-content\/uploads\/certificado-NP_4492_pt.pdf'  class='avia-button av-jimxqusw-655ef9fa36de98f6ca5a50b81d6290be av-link-btn avia-icon_select-yes-left-icon avia-size-small avia-position-left avia-color-theme-color'  target=\"_blank\"  rel=\"noopener noreferrer\"  aria-label=\"Ver certificado y alcance\"><span class='avia_button_icon avia_button_icon_left avia-iconfont avia-font-entypo-fontello' data-av_icon='\ue82d' data-av_iconfont='entypo-fontello' ><\/span><span class='avia_iconbox_title' >Ver certificado y alcance<\/span><\/a><\/div><br \/>\n\n<style type=\"text\/css\" data-created_by=\"avia_inline_auto\" id=\"style-css-av-jimxzk0y-9f3c9b7d85649dffd46c3c48673514e2\">\n#top .hr.av-jimxzk0y-9f3c9b7d85649dffd46c3c48673514e2{\nmargin-top:10px;\nmargin-bottom:10px;\n}\n.hr.av-jimxzk0y-9f3c9b7d85649dffd46c3c48673514e2 .hr-inner{\nwidth:100%;\nborder-color:#d6d6d6;\n}\n<\/style>\n<div  class='hr av-jimxzk0y-9f3c9b7d85649dffd46c3c48673514e2 hr-custom  avia-builder-el-15  el_after_av_button  el_before_av_textblock  hr-center hr-icon-no'><span class='hr-inner inner-border-av-border-thin'><span class=\"hr-inner-style\"><\/span><\/span><\/div><br \/>\n\n<style type=\"text\/css\" data-created_by=\"avia_inline_auto\" id=\"style-css-av-6tdpk-ce0999313854ce9250715c3a329e0f43\">\n#top .av_textblock_section.av-6tdpk-ce0999313854ce9250715c3a329e0f43 .avia_textblock{\nfont-size:15px;\n}\n<\/style>\n<section  class='av_textblock_section av-6tdpk-ce0999313854ce9250715c3a329e0f43 '   itemscope=\"itemscope\" itemtype=\"https:\/\/schema.org\/CreativeWork\" ><div class='avia_textblock'  itemprop=\"text\" ><p><strong>GASES FLUORADOS<\/strong><br \/>\nCert. Reg, 303\/2008<\/p>\n<\/div><\/section><br \/>\n<div  class='avia-button-wrap av-jimxqusw-7ebb24604d37c947c0c4295f031c14b5-wrap avia-button-left  avia-builder-el-17  el_after_av_textblock  avia-builder-el-last '><a href='https:\/\/www.tdgiworld.com\/wp-content\/uploads\/SAC_025_2014_TDGI_2021_pt-en.pdf'  class='avia-button av-jimxqusw-7ebb24604d37c947c0c4295f031c14b5 av-link-btn avia-icon_select-yes-left-icon avia-size-small avia-position-left avia-color-theme-color'  target=\"_blank\"  rel=\"noopener noreferrer\"  aria-label=\"Ver certificado y alcance\"><span class='avia_button_icon avia_button_icon_left avia-iconfont avia-font-entypo-fontello' data-av_icon='\ue82d' data-av_iconfont='entypo-fontello' ><\/span><span class='avia_iconbox_title' >Ver certificado y alcance<\/span><\/a><\/div><\/p><\/div><\/div><!--close column table wrapper. Autoclose: 1 -->\n<style type=\"text\/css\" data-created_by=\"avia_inline_auto\" id=\"style-css-av-33lw4-6b6727f4b6383a64500a0f275681fc0b\">\n#top .hr.hr-invisible.av-33lw4-6b6727f4b6383a64500a0f275681fc0b{\nheight:30px;\n}\n<\/style>\n<div  class='hr av-33lw4-6b6727f4b6383a64500a0f275681fc0b hr-invisible  avia-builder-el-18  el_after_av_one_third  avia-builder-el-last '><span class='hr-inner '><span class=\"hr-inner-style\"><\/span><\/span><\/div>\n\n","protected":false},"excerpt":{"rendered":"","protected":false},"author":1,"featured_media":0,"parent":0,"menu_order":2,"comment_status":"closed","ping_status":"closed","template":"","meta":{"footnotes":"","_links_to":"","_links_to_target":""},"class_list":["post-3156","page","type-page","status-publish","hentry"],"yoast_head":"<!-- This site is optimized with the Yoast SEO Premium plugin v27.5 (Yoast SEO v27.5) - https:\/\/yoast.com\/product\/yoast-seo-premium-wordpress\/ -->\n<title>Otras Certificaciones - TDGI - Tecnologia de Gest\u00e3o de Im\u00f3veis, S.A<\/title>\n<meta name=\"robots\" content=\"index, follow, max-snippet:-1, max-image-preview:large, max-video-preview:-1\" \/>\n<link rel=\"canonical\" href=\"https:\/\/www.tdgiworld.com\/es\/sobre-tdgi\/certificacion\/outras-certificacoes\/\" \/>\n<meta property=\"og:locale\" content=\"es_ES\" \/>\n<meta property=\"og:type\" content=\"article\" \/>\n<meta property=\"og:title\" content=\"Otras Certificaciones\" \/>\n<meta property=\"og:url\" content=\"https:\/\/www.tdgiworld.com\/es\/sobre-tdgi\/certificacion\/outras-certificacoes\/\" \/>\n<meta property=\"og:site_name\" content=\"TDGI - Tecnologia de Gest\u00e3o de Im\u00f3veis, S.A\" \/>\n<meta property=\"article:modified_time\" content=\"2021-05-14T11:06:55+00:00\" \/>\n<meta name=\"twitter:card\" content=\"summary_large_image\" \/>\n<meta name=\"twitter:label1\" content=\"Tiempo de lectura\" \/>\n\t<meta name=\"twitter:data1\" content=\"8 minutos\" \/>\n<script type=\"application\/ld+json\" class=\"yoast-schema-graph\">{\"@context\":\"https:\\\/\\\/schema.org\",\"@graph\":[{\"@type\":\"WebPage\",\"@id\":\"https:\\\/\\\/www.tdgiworld.com\\\/es\\\/sobre-tdgi\\\/certificacion\\\/outras-certificacoes\\\/\",\"url\":\"https:\\\/\\\/www.tdgiworld.com\\\/es\\\/sobre-tdgi\\\/certificacion\\\/outras-certificacoes\\\/\",\"name\":\"Otras Certificaciones - TDGI - Tecnologia de Gest\u00e3o de Im\u00f3veis, S.A\",\"isPartOf\":{\"@id\":\"https:\\\/\\\/www.tdgiworld.com\\\/#website\"},\"datePublished\":\"2018-06-20T10:52:47+00:00\",\"dateModified\":\"2021-05-14T11:06:55+00:00\",\"breadcrumb\":{\"@id\":\"https:\\\/\\\/www.tdgiworld.com\\\/es\\\/sobre-tdgi\\\/certificacion\\\/outras-certificacoes\\\/#breadcrumb\"},\"inLanguage\":\"es\",\"potentialAction\":[{\"@type\":\"ReadAction\",\"target\":[\"https:\\\/\\\/www.tdgiworld.com\\\/es\\\/sobre-tdgi\\\/certificacion\\\/outras-certificacoes\\\/\"]}]},{\"@type\":\"BreadcrumbList\",\"@id\":\"https:\\\/\\\/www.tdgiworld.com\\\/es\\\/sobre-tdgi\\\/certificacion\\\/outras-certificacoes\\\/#breadcrumb\",\"itemListElement\":[{\"@type\":\"ListItem\",\"position\":1,\"name\":\"In\u00edcio\",\"item\":\"https:\\\/\\\/www.tdgiworld.com\\\/es\\\/home\\\/\"},{\"@type\":\"ListItem\",\"position\":2,\"name\":\"SOBRE TDGI\",\"item\":\"https:\\\/\\\/www.tdgiworld.com\\\/es\\\/sobre-tdgi\\\/empresa\\\/\"},{\"@type\":\"ListItem\",\"position\":3,\"name\":\"Missi\u00f3n y Valores\",\"item\":\"https:\\\/\\\/www.tdgiworld.com\\\/es\\\/?page_id=11331\"},{\"@type\":\"ListItem\",\"position\":4,\"name\":\"Certific\u00e1cion\",\"item\":\"https:\\\/\\\/www.tdgiworld.com\\\/es\\\/sobre-tdgi\\\/certificacion\\\/sistema-de-gestion\\\/\"},{\"@type\":\"ListItem\",\"position\":5,\"name\":\"Otras Certificaciones\"}]},{\"@type\":\"WebSite\",\"@id\":\"https:\\\/\\\/www.tdgiworld.com\\\/#website\",\"url\":\"https:\\\/\\\/www.tdgiworld.com\\\/\",\"name\":\"TDGI - Tecnologia de Gest\u00e3o de Im\u00f3veis, S.A\",\"description\":\"\",\"publisher\":{\"@id\":\"https:\\\/\\\/www.tdgiworld.com\\\/#organization\"},\"alternateName\":\"TDGI\",\"potentialAction\":[{\"@type\":\"SearchAction\",\"target\":{\"@type\":\"EntryPoint\",\"urlTemplate\":\"https:\\\/\\\/www.tdgiworld.com\\\/?s={search_term_string}\"},\"query-input\":{\"@type\":\"PropertyValueSpecification\",\"valueRequired\":true,\"valueName\":\"search_term_string\"}}],\"inLanguage\":\"es\"},{\"@type\":\"Organization\",\"@id\":\"https:\\\/\\\/www.tdgiworld.com\\\/#organization\",\"name\":\"TDGI Portugal\",\"alternateName\":\"TDGI\",\"url\":\"https:\\\/\\\/www.tdgiworld.com\\\/\",\"logo\":{\"@type\":\"ImageObject\",\"inLanguage\":\"es\",\"@id\":\"https:\\\/\\\/www.tdgiworld.com\\\/#\\\/schema\\\/logo\\\/image\\\/\",\"url\":\"https:\\\/\\\/www.tdgiworld.com\\\/wp-content\\\/uploads\\\/2018\\\/01\\\/logo_TDGI_home_2.png\",\"contentUrl\":\"https:\\\/\\\/www.tdgiworld.com\\\/wp-content\\\/uploads\\\/2018\\\/01\\\/logo_TDGI_home_2.png\",\"width\":170,\"height\":77,\"caption\":\"TDGI Portugal\"},\"image\":{\"@id\":\"https:\\\/\\\/www.tdgiworld.com\\\/#\\\/schema\\\/logo\\\/image\\\/\"},\"sameAs\":[\"https:\\\/\\\/pt.linkedin.com\\\/company\\\/tdgiworld?trk=similar-pages\",\"http:\\\/\\\/www.youtube.com\\\/@worldtdgi\"]}]}<\/script>\n<!-- \/ Yoast SEO Premium plugin. -->","yoast_head_json":{"title":"Otras Certificaciones - TDGI - Tecnologia de Gest\u00e3o de Im\u00f3veis, S.A","robots":{"index":"index","follow":"follow","max-snippet":"max-snippet:-1","max-image-preview":"max-image-preview:large","max-video-preview":"max-video-preview:-1"},"canonical":"https:\/\/www.tdgiworld.com\/es\/sobre-tdgi\/certificacion\/outras-certificacoes\/","og_locale":"es_ES","og_type":"article","og_title":"Otras Certificaciones","og_url":"https:\/\/www.tdgiworld.com\/es\/sobre-tdgi\/certificacion\/outras-certificacoes\/","og_site_name":"TDGI - Tecnologia de Gest\u00e3o de Im\u00f3veis, S.A","article_modified_time":"2021-05-14T11:06:55+00:00","twitter_card":"summary_large_image","twitter_misc":{"Tiempo de lectura":"8 minutos"},"schema":{"@context":"https:\/\/schema.org","@graph":[{"@type":"WebPage","@id":"https:\/\/www.tdgiworld.com\/es\/sobre-tdgi\/certificacion\/outras-certificacoes\/","url":"https:\/\/www.tdgiworld.com\/es\/sobre-tdgi\/certificacion\/outras-certificacoes\/","name":"Otras Certificaciones - TDGI - Tecnologia de Gest\u00e3o de Im\u00f3veis, S.A","isPartOf":{"@id":"https:\/\/www.tdgiworld.com\/#website"},"datePublished":"2018-06-20T10:52:47+00:00","dateModified":"2021-05-14T11:06:55+00:00","breadcrumb":{"@id":"https:\/\/www.tdgiworld.com\/es\/sobre-tdgi\/certificacion\/outras-certificacoes\/#breadcrumb"},"inLanguage":"es","potentialAction":[{"@type":"ReadAction","target":["https:\/\/www.tdgiworld.com\/es\/sobre-tdgi\/certificacion\/outras-certificacoes\/"]}]},{"@type":"BreadcrumbList","@id":"https:\/\/www.tdgiworld.com\/es\/sobre-tdgi\/certificacion\/outras-certificacoes\/#breadcrumb","itemListElement":[{"@type":"ListItem","position":1,"name":"In\u00edcio","item":"https:\/\/www.tdgiworld.com\/es\/home\/"},{"@type":"ListItem","position":2,"name":"SOBRE TDGI","item":"https:\/\/www.tdgiworld.com\/es\/sobre-tdgi\/empresa\/"},{"@type":"ListItem","position":3,"name":"Missi\u00f3n y Valores","item":"https:\/\/www.tdgiworld.com\/es\/?page_id=11331"},{"@type":"ListItem","position":4,"name":"Certific\u00e1cion","item":"https:\/\/www.tdgiworld.com\/es\/sobre-tdgi\/certificacion\/sistema-de-gestion\/"},{"@type":"ListItem","position":5,"name":"Otras Certificaciones"}]},{"@type":"WebSite","@id":"https:\/\/www.tdgiworld.com\/#website","url":"https:\/\/www.tdgiworld.com\/","name":"TDGI - Tecnologia de Gest\u00e3o de Im\u00f3veis, S.A","description":"","publisher":{"@id":"https:\/\/www.tdgiworld.com\/#organization"},"alternateName":"TDGI","potentialAction":[{"@type":"SearchAction","target":{"@type":"EntryPoint","urlTemplate":"https:\/\/www.tdgiworld.com\/?s={search_term_string}"},"query-input":{"@type":"PropertyValueSpecification","valueRequired":true,"valueName":"search_term_string"}}],"inLanguage":"es"},{"@type":"Organization","@id":"https:\/\/www.tdgiworld.com\/#organization","name":"TDGI Portugal","alternateName":"TDGI","url":"https:\/\/www.tdgiworld.com\/","logo":{"@type":"ImageObject","inLanguage":"es","@id":"https:\/\/www.tdgiworld.com\/#\/schema\/logo\/image\/","url":"https:\/\/www.tdgiworld.com\/wp-content\/uploads\/2018\/01\/logo_TDGI_home_2.png","contentUrl":"https:\/\/www.tdgiworld.com\/wp-content\/uploads\/2018\/01\/logo_TDGI_home_2.png","width":170,"height":77,"caption":"TDGI Portugal"},"image":{"@id":"https:\/\/www.tdgiworld.com\/#\/schema\/logo\/image\/"},"sameAs":["https:\/\/pt.linkedin.com\/company\/tdgiworld?trk=similar-pages","http:\/\/www.youtube.com\/@worldtdgi"]}]}},"_links":{"self":[{"href":"https:\/\/www.tdgiworld.com\/es\/wp-json\/wp\/v2\/pages\/3156","targetHints":{"allow":["GET"]}}],"collection":[{"href":"https:\/\/www.tdgiworld.com\/es\/wp-json\/wp\/v2\/pages"}],"about":[{"href":"https:\/\/www.tdgiworld.com\/es\/wp-json\/wp\/v2\/types\/page"}],"author":[{"embeddable":true,"href":"https:\/\/www.tdgiworld.com\/es\/wp-json\/wp\/v2\/users\/1"}],"replies":[{"embeddable":true,"href":"https:\/\/www.tdgiworld.com\/es\/wp-json\/wp\/v2\/comments?post=3156"}],"version-history":[{"count":0,"href":"https:\/\/www.tdgiworld.com\/es\/wp-json\/wp\/v2\/pages\/3156\/revisions"}],"wp:attachment":[{"href":"https:\/\/www.tdgiworld.com\/es\/wp-json\/wp\/v2\/media?parent=3156"}],"curies":[{"name":"wp","href":"https:\/\/api.w.org\/{rel}","templated":true}]}}