{"id":13217,"date":"2024-03-04T14:42:08","date_gmt":"2024-03-04T14:42:08","guid":{"rendered":"https:\/\/www.tdgiworld.com\/?page_id=13217"},"modified":"2024-05-24T11:17:49","modified_gmt":"2024-05-24T11:17:49","slug":"conformite","status":"publish","type":"page","link":"https:\/\/www.tdgiworld.com\/fr\/a-propos-tdgi\/conformite\/","title":{"rendered":"Conformit\u00e9"},"content":{"rendered":"\n<style type=\"text\/css\" data-created_by=\"avia_inline_auto\" id=\"style-css-av-jjy7k5dr-528d00986f7e5c9d2c6d52fd1447c778\">\n.avia-section.av-jjy7k5dr-528d00986f7e5c9d2c6d52fd1447c778{\nbackground-color:#0d242e;\nbackground-image:url(https:\/\/www.tdgiworld.com\/wp-content\/uploads\/header_slim_geral-1.jpg);\nbackground-repeat:no-repeat;\nbackground-position:50% 50%;\nbackground-attachment:scroll;\n}\n.avia-section.av-jjy7k5dr-528d00986f7e5c9d2c6d52fd1447c778 .av-section-color-overlay{\nopacity:0.6;\nbackground-color:#000000;\n}\n<\/style>\n<div id='av_section_1'  class='avia-section av-jjy7k5dr-528d00986f7e5c9d2c6d52fd1447c778 main_color avia-section-default avia-no-border-styling  avia-builder-el-0  el_before_av_section  avia-builder-el-first  avia-full-stretch avia-bg-style-scroll av-section-color-overlay-active av-minimum-height av-minimum-height-custom av-height-custom  container_wrap fullsize'  data-section-bg-repeat='stretch' data-av_minimum_height_px='350'><div class=\"av-section-color-overlay-wrap\"><div class=\"av-section-color-overlay\"><\/div><div class='container av-section-cont-open' style='height:350px'><main  role=\"main\" itemprop=\"mainContentOfPage\"  class='template-page content  av-content-full alpha units'><div class='post-entry post-entry-type-page post-entry-13217'><div class='entry-content-wrapper clearfix'>\n\n<style type=\"text\/css\" data-created_by=\"avia_inline_auto\" id=\"style-css-av-jrq638hj-cecc9dee59f5db3290e4cc0cbf595855\">\n#top .av-special-heading.av-jrq638hj-cecc9dee59f5db3290e4cc0cbf595855{\nmargin:20px 0 0 0;\npadding-bottom:10px;\ncolor:#ffffff;\n}\nbody .av-special-heading.av-jrq638hj-cecc9dee59f5db3290e4cc0cbf595855 .av-special-heading-tag .heading-char{\nfont-size:25px;\n}\n.av-special-heading.av-jrq638hj-cecc9dee59f5db3290e4cc0cbf595855 .special-heading-inner-border{\nborder-color:#ffffff;\n}\n.av-special-heading.av-jrq638hj-cecc9dee59f5db3290e4cc0cbf595855 .av-subheading{\nfont-size:16px;\n}\n<\/style>\n<div  class='av-special-heading av-jrq638hj-cecc9dee59f5db3290e4cc0cbf595855 av-special-heading-h1 custom-color-heading blockquote modern-quote  avia-builder-el-1  avia-builder-el-no-sibling '><h1 class='av-special-heading-tag '  itemprop=\"headline\"  >Conformit\u00e9<\/h1><div class=\"special-heading-border\"><div class=\"special-heading-inner-border\"><\/div><\/div><\/div>\n\n<\/div><\/div><\/main><!-- close content main element --><\/div><\/div><\/div>\n<style type=\"text\/css\" data-created_by=\"avia_inline_auto\" id=\"style-css-av-1gx2q-4d51e8f95e0e8abd237e374269d65668\">\n.avia-section.av-1gx2q-4d51e8f95e0e8abd237e374269d65668{\nbackground-repeat:no-repeat;\nbackground-image:url(https:\/\/www.tdgiworld.com\/wp-content\/uploads\/BG_home_7.jpg);\nbackground-position:0% 0%;\nbackground-attachment:scroll;\n}\n.avia-section.av-1gx2q-4d51e8f95e0e8abd237e374269d65668 .av-section-color-overlay{\nopacity:0.8;\nbackground-color:#ffffff;\n}\n<\/style>\n<div id='av_section_2'  class='avia-section av-1gx2q-4d51e8f95e0e8abd237e374269d65668 main_color avia-section-default avia-no-border-styling  avia-builder-el-2  el_after_av_section  avia-builder-el-last  avia-full-stretch avia-bg-style-scroll av-section-color-overlay-active container_wrap fullsize'  data-section-bg-repeat='stretch'><div class=\"av-section-color-overlay-wrap\"><div class=\"av-section-color-overlay\"><\/div><div class='container av-section-cont-open' ><div class='template-page content  av-content-full alpha units'><div class='post-entry post-entry-type-page post-entry-13217'><div class='entry-content-wrapper clearfix'>\n\n<style type=\"text\/css\" data-created_by=\"avia_inline_auto\" id=\"style-css-av-lr7w82p5-94ebcd516c56b5f58f234b4236724cef\">\n#top .av-special-heading.av-lr7w82p5-94ebcd516c56b5f58f234b4236724cef{\npadding-bottom:10px;\n}\nbody .av-special-heading.av-lr7w82p5-94ebcd516c56b5f58f234b4236724cef .av-special-heading-tag .heading-char{\nfont-size:25px;\n}\n.av-special-heading.av-lr7w82p5-94ebcd516c56b5f58f234b4236724cef .av-subheading{\nfont-size:15px;\n}\n<\/style>\n<div  class='av-special-heading av-lr7w82p5-94ebcd516c56b5f58f234b4236724cef av-special-heading-h2  avia-builder-el-3  el_before_av_hr  avia-builder-el-first '><h2 class='av-special-heading-tag '  itemprop=\"headline\"  >\u00c9thique et Conduite<\/h2><div class=\"special-heading-border\"><div class=\"special-heading-inner-border\"><\/div><\/div><\/div>\n\n<style type=\"text\/css\" data-created_by=\"avia_inline_auto\" id=\"style-css-av-jjyeaz1b-d50565df71ee11d3e33c3a7e86a9dd3d\">\n#top .hr.hr-invisible.av-jjyeaz1b-d50565df71ee11d3e33c3a7e86a9dd3d{\nheight:15px;\n}\n<\/style>\n<div  class='hr av-jjyeaz1b-d50565df71ee11d3e33c3a7e86a9dd3d hr-invisible  avia-builder-el-4  el_after_av_heading  el_before_av_textblock '><span class='hr-inner '><span class=\"hr-inner-style\"><\/span><\/span><\/div>\n\n<style type=\"text\/css\" data-created_by=\"avia_inline_auto\" id=\"style-css-av-jjydqaau-bec723722e76f983b9bb15279d192b1f\">\n#top .av_textblock_section.av-jjydqaau-bec723722e76f983b9bb15279d192b1f .avia_textblock{\nfont-size:14px;\n}\n<\/style>\n<section  class='av_textblock_section av-jjydqaau-bec723722e76f983b9bb15279d192b1f '   itemscope=\"itemscope\" itemtype=\"https:\/\/schema.org\/CreativeWork\" ><div class='avia_textblock'  itemprop=\"text\" ><p>L&rsquo;un des principaux outils guidant les actions des employ\u00e9s de TDGI est son code d&rsquo;\u00e9thique et de conduite. Celui-ci consacre les principes d&rsquo;action transversaux pour tous les employ\u00e9s et, de cette mani\u00e8re, l&rsquo;implication de la soci\u00e9t\u00e9 avec les parties li\u00e9es.<\/p>\n<p>Le code s&rsquo;adresse \u00e0 tous les directeurs, employ\u00e9s et autres repr\u00e9sentants de l&rsquo;entreprise, et il incombe en outre \u00e0 tous ces employ\u00e9s non seulement de conna\u00eetre et d&rsquo;internaliser, d&rsquo;appliquer institutionnellement et de d\u00e9fendre ext\u00e9rieurement le code, mais aussi de promouvoir l&rsquo;application des r\u00e8gles respectives par des tiers dans le cadre et l&rsquo;ex\u00e9cution des relations qu&rsquo;ils entretiennent avec l&rsquo;entreprise.<\/p>\n<p>Conform\u00e9ment \u00e0 ce Code, tous les employ\u00e9s de TDGI s&rsquo;engagent \u00e0 respecter, d\u00e9fendre et faire respecter la l\u00e9gislation et la r\u00e9glementation en vigueur dans les pays o\u00f9 elle op\u00e8re, y compris les accords globaux ou sectoriels et les r\u00e8gles \u00e9thiques sp\u00e9cifiques \u00e0 chaque professionnel, ainsi que les engagements contractuels.<\/p>\n<p>Par r\u00e9solution de son conseil d&rsquo;administration du 28\/02\/2018, TDGI a adopt\u00e9 le \u00ab\u00a0Code d&rsquo;\u00e9thique et de conduite\u00a0\u00bb de Teixeira Duarte, S.A..<\/p>\n<\/div><\/section>\n<div  class='avia-button-wrap av-jjydr8na-0cc4847ce2103efca2da63905fe5e09d-wrap avia-button-left  avia-builder-el-6  el_after_av_textblock  el_before_av_hr '><a href='https:\/\/www.tdgiworld.com\/wp-content\/uploads\/Codigo-de-Etica-e-Conduta-do-Grupo-TD-Frances.pdf'  class='avia-button av-jjydr8na-0cc4847ce2103efca2da63905fe5e09d av-link-btn avia-icon_select-yes-left-icon avia-size-medium avia-position-left avia-color-theme-color'  target=\"_blank\"  rel=\"noopener noreferrer\"  aria-label=\"Code d\u2019\u00e9thique et de conduite\"><span class='avia_button_icon avia_button_icon_left avia-iconfont avia-font-entypo-fontello' data-av_icon='\ue82d' data-av_iconfont='entypo-fontello' ><\/span><span class='avia_iconbox_title' >Code d\u2019\u00e9thique et de conduite<\/span><\/a><\/div>\n\n<style type=\"text\/css\" data-created_by=\"avia_inline_auto\" id=\"style-css-av-jjyeaz1b-2-10ffffbc1a50c6451058a24f231491a5\">\n#top .hr.hr-invisible.av-jjyeaz1b-2-10ffffbc1a50c6451058a24f231491a5{\nheight:10px;\n}\n<\/style>\n<div  class='hr av-jjyeaz1b-2-10ffffbc1a50c6451058a24f231491a5 hr-invisible  avia-builder-el-7  el_after_av_button  el_before_av_heading '><span class='hr-inner '><span class=\"hr-inner-style\"><\/span><\/span><\/div>\n\n<style type=\"text\/css\" data-created_by=\"avia_inline_auto\" id=\"style-css-av-lr7w8pon-8b404f26195f16c359fefbd6e1515475\">\n#top .av-special-heading.av-lr7w8pon-8b404f26195f16c359fefbd6e1515475{\npadding-bottom:10px;\n}\nbody .av-special-heading.av-lr7w8pon-8b404f26195f16c359fefbd6e1515475 .av-special-heading-tag .heading-char{\nfont-size:25px;\n}\n.av-special-heading.av-lr7w8pon-8b404f26195f16c359fefbd6e1515475 .av-subheading{\nfont-size:15px;\n}\n<\/style>\n<div  class='av-special-heading av-lr7w8pon-8b404f26195f16c359fefbd6e1515475 av-special-heading-h2  avia-builder-el-8  el_after_av_hr  el_before_av_hr '><h2 class='av-special-heading-tag '  itemprop=\"headline\"  >Plan de pr\u00e9vention des risques de corruption et d\u2019infractions assimil\u00e9es<\/h2><div class=\"special-heading-border\"><div class=\"special-heading-inner-border\"><\/div><\/div><\/div>\n\n<style type=\"text\/css\" data-created_by=\"avia_inline_auto\" id=\"style-css-av-151q5nj-c37c2e6bcf3965bfe9a344760b9775b5\">\n#top .hr.hr-invisible.av-151q5nj-c37c2e6bcf3965bfe9a344760b9775b5{\nheight:15px;\n}\n<\/style>\n<div  class='hr av-151q5nj-c37c2e6bcf3965bfe9a344760b9775b5 hr-invisible  avia-builder-el-9  el_after_av_heading  el_before_av_textblock '><span class='hr-inner '><span class=\"hr-inner-style\"><\/span><\/span><\/div>\n\n<style type=\"text\/css\" data-created_by=\"avia_inline_auto\" id=\"style-css-av-lr7we4za-e8ce0d351151dc9152b9e5ae9444ab31\">\n#top .av_textblock_section.av-lr7we4za-e8ce0d351151dc9152b9e5ae9444ab31 .avia_textblock{\nfont-size:14px;\n}\n<\/style>\n<section  class='av_textblock_section av-lr7we4za-e8ce0d351151dc9152b9e5ae9444ab31 '   itemscope=\"itemscope\" itemtype=\"https:\/\/schema.org\/CreativeWork\" ><div class='avia_textblock'  itemprop=\"text\" ><p>Le 24\/11\/2023, par r\u00e9solution de son conseil d&rsquo;administration, TDGI a adopt\u00e9 le Plan de pr\u00e9vention des risques de corruption et d&rsquo;infractions connexes (PPR) de Teixeira Duarte, S.A..<\/p>\n<p>Le PPR et les rapports associ\u00e9s peuvent \u00eatre d\u00fbment consult\u00e9s sur la <a href=\"https:\/\/www.teixeiraduarte.pt\/en\/group\/compliance\/\" target=\"_blank\" rel=\"noopener\">page suivante de Teixeira Duarte, S.A.<\/a><\/p>\n<\/div><\/section>\n\n<style type=\"text\/css\" data-created_by=\"avia_inline_auto\" id=\"style-css-av-okjznj-b107df9d314f5611b82690fbc3b1b951\">\n#top .hr.hr-invisible.av-okjznj-b107df9d314f5611b82690fbc3b1b951{\nheight:10px;\n}\n<\/style>\n<div  class='hr av-okjznj-b107df9d314f5611b82690fbc3b1b951 hr-invisible  avia-builder-el-11  el_after_av_textblock  avia-builder-el-last '><span class='hr-inner '><span class=\"hr-inner-style\"><\/span><\/span><\/div>\n\n","protected":false},"excerpt":{"rendered":"","protected":false},"author":4,"featured_media":0,"parent":8872,"menu_order":1,"comment_status":"closed","ping_status":"closed","template":"","meta":{"footnotes":"","_links_to":"","_links_to_target":""},"class_list":["post-13217","page","type-page","status-publish","hentry"],"yoast_head":"<!-- This site is optimized with the Yoast SEO Premium plugin v27.1 (Yoast SEO v27.1.1) - https:\/\/yoast.com\/product\/yoast-seo-premium-wordpress\/ -->\n<title>Conformit\u00e9 - TDGI - Tecnologia de Gest\u00e3o de Im\u00f3veis, S.A<\/title>\n<meta name=\"description\" content=\"L&#039;un des principaux outils guidant les actions des employ\u00e9s de TDGI est son code d&#039;\u00e9thique et de conduite. Celui-ci consacre les principes d&#039;action transversaux pour tous les employ\u00e9s\" \/>\n<meta name=\"robots\" content=\"index, follow, max-snippet:-1, max-image-preview:large, max-video-preview:-1\" \/>\n<link rel=\"canonical\" href=\"https:\/\/www.tdgiworld.com\/fr\/a-propos-tdgi\/conformite\/\" \/>\n<meta property=\"og:locale\" content=\"fr_FR\" \/>\n<meta property=\"og:type\" content=\"article\" \/>\n<meta property=\"og:title\" content=\"Conformit\u00e9\" \/>\n<meta property=\"og:description\" content=\"L&#039;un des principaux outils guidant les actions des employ\u00e9s de TDGI est son code d&#039;\u00e9thique et de conduite. Celui-ci consacre les principes d&#039;action transversaux pour tous les employ\u00e9s\" \/>\n<meta property=\"og:url\" content=\"https:\/\/www.tdgiworld.com\/fr\/a-propos-tdgi\/conformite\/\" \/>\n<meta property=\"og:site_name\" content=\"TDGI - Tecnologia de Gest\u00e3o de Im\u00f3veis, S.A\" \/>\n<meta property=\"article:modified_time\" content=\"2024-05-24T11:17:49+00:00\" \/>\n<meta name=\"twitter:card\" content=\"summary_large_image\" \/>\n<meta name=\"twitter:label1\" content=\"Dur\u00e9e de lecture estim\u00e9e\" \/>\n\t<meta name=\"twitter:data1\" content=\"2 minutes\" \/>\n<script type=\"application\/ld+json\" class=\"yoast-schema-graph\">{\"@context\":\"https:\/\/schema.org\",\"@graph\":[{\"@type\":\"WebPage\",\"@id\":\"https:\/\/www.tdgiworld.com\/fr\/a-propos-tdgi\/conformite\/\",\"url\":\"https:\/\/www.tdgiworld.com\/fr\/a-propos-tdgi\/conformite\/\",\"name\":\"Conformit\u00e9 - TDGI - Tecnologia de Gest\u00e3o de Im\u00f3veis, S.A\",\"isPartOf\":{\"@id\":\"https:\/\/www.tdgiworld.com\/#website\"},\"datePublished\":\"2024-03-04T14:42:08+00:00\",\"dateModified\":\"2024-05-24T11:17:49+00:00\",\"description\":\"L'un des principaux outils guidant les actions des employ\u00e9s de TDGI est son code d'\u00e9thique et de conduite. Celui-ci consacre les principes d'action transversaux pour tous les employ\u00e9s\",\"breadcrumb\":{\"@id\":\"https:\/\/www.tdgiworld.com\/fr\/a-propos-tdgi\/conformite\/#breadcrumb\"},\"inLanguage\":\"fr-FR\",\"potentialAction\":[{\"@type\":\"ReadAction\",\"target\":[\"https:\/\/www.tdgiworld.com\/fr\/a-propos-tdgi\/conformite\/\"]}]},{\"@type\":\"BreadcrumbList\",\"@id\":\"https:\/\/www.tdgiworld.com\/fr\/a-propos-tdgi\/conformite\/#breadcrumb\",\"itemListElement\":[{\"@type\":\"ListItem\",\"position\":1,\"name\":\"In\u00edcio\",\"item\":\"https:\/\/www.tdgiworld.com\/fr\/home\/\"},{\"@type\":\"ListItem\",\"position\":2,\"name\":\"\u00c0 PROPOS TDGI\",\"item\":\"https:\/\/www.tdgiworld.com\/fr\/a-propos-tdgi\/enterprise\/\"},{\"@type\":\"ListItem\",\"position\":3,\"name\":\"Conformit\u00e9\"}]},{\"@type\":\"WebSite\",\"@id\":\"https:\/\/www.tdgiworld.com\/#website\",\"url\":\"https:\/\/www.tdgiworld.com\/\",\"name\":\"TDGI - Tecnologia de Gest\u00e3o de Im\u00f3veis, S.A\",\"description\":\"\",\"publisher\":{\"@id\":\"https:\/\/www.tdgiworld.com\/#organization\"},\"alternateName\":\"TDGI\",\"potentialAction\":[{\"@type\":\"SearchAction\",\"target\":{\"@type\":\"EntryPoint\",\"urlTemplate\":\"https:\/\/www.tdgiworld.com\/?s={search_term_string}\"},\"query-input\":{\"@type\":\"PropertyValueSpecification\",\"valueRequired\":true,\"valueName\":\"search_term_string\"}}],\"inLanguage\":\"fr-FR\"},{\"@type\":\"Organization\",\"@id\":\"https:\/\/www.tdgiworld.com\/#organization\",\"name\":\"TDGI Portugal\",\"alternateName\":\"TDGI\",\"url\":\"https:\/\/www.tdgiworld.com\/\",\"logo\":{\"@type\":\"ImageObject\",\"inLanguage\":\"fr-FR\",\"@id\":\"https:\/\/www.tdgiworld.com\/#\/schema\/logo\/image\/\",\"url\":\"https:\/\/www.tdgiworld.com\/wp-content\/uploads\/2018\/01\/logo_TDGI_home_2.png\",\"contentUrl\":\"https:\/\/www.tdgiworld.com\/wp-content\/uploads\/2018\/01\/logo_TDGI_home_2.png\",\"width\":170,\"height\":77,\"caption\":\"TDGI Portugal\"},\"image\":{\"@id\":\"https:\/\/www.tdgiworld.com\/#\/schema\/logo\/image\/\"},\"sameAs\":[\"https:\/\/pt.linkedin.com\/company\/tdgiworld?trk=similar-pages\",\"http:\/\/www.youtube.com\/@worldtdgi\"]}]}<\/script>\n<!-- \/ Yoast SEO Premium plugin. -->","yoast_head_json":{"title":"Conformit\u00e9 - TDGI - Tecnologia de Gest\u00e3o de Im\u00f3veis, S.A","description":"L'un des principaux outils guidant les actions des employ\u00e9s de TDGI est son code d'\u00e9thique et de conduite. Celui-ci consacre les principes d'action transversaux pour tous les employ\u00e9s","robots":{"index":"index","follow":"follow","max-snippet":"max-snippet:-1","max-image-preview":"max-image-preview:large","max-video-preview":"max-video-preview:-1"},"canonical":"https:\/\/www.tdgiworld.com\/fr\/a-propos-tdgi\/conformite\/","og_locale":"fr_FR","og_type":"article","og_title":"Conformit\u00e9","og_description":"L'un des principaux outils guidant les actions des employ\u00e9s de TDGI est son code d'\u00e9thique et de conduite. Celui-ci consacre les principes d'action transversaux pour tous les employ\u00e9s","og_url":"https:\/\/www.tdgiworld.com\/fr\/a-propos-tdgi\/conformite\/","og_site_name":"TDGI - Tecnologia de Gest\u00e3o de Im\u00f3veis, S.A","article_modified_time":"2024-05-24T11:17:49+00:00","twitter_card":"summary_large_image","twitter_misc":{"Dur\u00e9e de lecture estim\u00e9e":"2 minutes"},"schema":{"@context":"https:\/\/schema.org","@graph":[{"@type":"WebPage","@id":"https:\/\/www.tdgiworld.com\/fr\/a-propos-tdgi\/conformite\/","url":"https:\/\/www.tdgiworld.com\/fr\/a-propos-tdgi\/conformite\/","name":"Conformit\u00e9 - TDGI - Tecnologia de Gest\u00e3o de Im\u00f3veis, S.A","isPartOf":{"@id":"https:\/\/www.tdgiworld.com\/#website"},"datePublished":"2024-03-04T14:42:08+00:00","dateModified":"2024-05-24T11:17:49+00:00","description":"L'un des principaux outils guidant les actions des employ\u00e9s de TDGI est son code d'\u00e9thique et de conduite. Celui-ci consacre les principes d'action transversaux pour tous les employ\u00e9s","breadcrumb":{"@id":"https:\/\/www.tdgiworld.com\/fr\/a-propos-tdgi\/conformite\/#breadcrumb"},"inLanguage":"fr-FR","potentialAction":[{"@type":"ReadAction","target":["https:\/\/www.tdgiworld.com\/fr\/a-propos-tdgi\/conformite\/"]}]},{"@type":"BreadcrumbList","@id":"https:\/\/www.tdgiworld.com\/fr\/a-propos-tdgi\/conformite\/#breadcrumb","itemListElement":[{"@type":"ListItem","position":1,"name":"In\u00edcio","item":"https:\/\/www.tdgiworld.com\/fr\/home\/"},{"@type":"ListItem","position":2,"name":"\u00c0 PROPOS TDGI","item":"https:\/\/www.tdgiworld.com\/fr\/a-propos-tdgi\/enterprise\/"},{"@type":"ListItem","position":3,"name":"Conformit\u00e9"}]},{"@type":"WebSite","@id":"https:\/\/www.tdgiworld.com\/#website","url":"https:\/\/www.tdgiworld.com\/","name":"TDGI - Tecnologia de Gest\u00e3o de Im\u00f3veis, S.A","description":"","publisher":{"@id":"https:\/\/www.tdgiworld.com\/#organization"},"alternateName":"TDGI","potentialAction":[{"@type":"SearchAction","target":{"@type":"EntryPoint","urlTemplate":"https:\/\/www.tdgiworld.com\/?s={search_term_string}"},"query-input":{"@type":"PropertyValueSpecification","valueRequired":true,"valueName":"search_term_string"}}],"inLanguage":"fr-FR"},{"@type":"Organization","@id":"https:\/\/www.tdgiworld.com\/#organization","name":"TDGI Portugal","alternateName":"TDGI","url":"https:\/\/www.tdgiworld.com\/","logo":{"@type":"ImageObject","inLanguage":"fr-FR","@id":"https:\/\/www.tdgiworld.com\/#\/schema\/logo\/image\/","url":"https:\/\/www.tdgiworld.com\/wp-content\/uploads\/2018\/01\/logo_TDGI_home_2.png","contentUrl":"https:\/\/www.tdgiworld.com\/wp-content\/uploads\/2018\/01\/logo_TDGI_home_2.png","width":170,"height":77,"caption":"TDGI Portugal"},"image":{"@id":"https:\/\/www.tdgiworld.com\/#\/schema\/logo\/image\/"},"sameAs":["https:\/\/pt.linkedin.com\/company\/tdgiworld?trk=similar-pages","http:\/\/www.youtube.com\/@worldtdgi"]}]}},"_links":{"self":[{"href":"https:\/\/www.tdgiworld.com\/fr\/wp-json\/wp\/v2\/pages\/13217","targetHints":{"allow":["GET"]}}],"collection":[{"href":"https:\/\/www.tdgiworld.com\/fr\/wp-json\/wp\/v2\/pages"}],"about":[{"href":"https:\/\/www.tdgiworld.com\/fr\/wp-json\/wp\/v2\/types\/page"}],"author":[{"embeddable":true,"href":"https:\/\/www.tdgiworld.com\/fr\/wp-json\/wp\/v2\/users\/4"}],"replies":[{"embeddable":true,"href":"https:\/\/www.tdgiworld.com\/fr\/wp-json\/wp\/v2\/comments?post=13217"}],"version-history":[{"count":12,"href":"https:\/\/www.tdgiworld.com\/fr\/wp-json\/wp\/v2\/pages\/13217\/revisions"}],"predecessor-version":[{"id":13869,"href":"https:\/\/www.tdgiworld.com\/fr\/wp-json\/wp\/v2\/pages\/13217\/revisions\/13869"}],"up":[{"embeddable":true,"href":"https:\/\/www.tdgiworld.com\/fr\/wp-json\/wp\/v2\/pages\/8872"}],"wp:attachment":[{"href":"https:\/\/www.tdgiworld.com\/fr\/wp-json\/wp\/v2\/media?parent=13217"}],"curies":[{"name":"wp","href":"https:\/\/api.w.org\/{rel}","templated":true}]}}