{"id":13239,"date":"2024-03-04T15:26:16","date_gmt":"2024-03-04T15:26:16","guid":{"rendered":"https:\/\/www.tdgiworld.com\/?page_id=13239"},"modified":"2024-05-24T11:13:43","modified_gmt":"2024-05-24T11:13:43","slug":"chaine-ethique","status":"publish","type":"page","link":"https:\/\/www.tdgiworld.com\/fr\/a-propos-tdgi\/chaine-ethique\/","title":{"rendered":"Cha\u00eene \u00c9thique"},"content":{"rendered":"\n<style type=\"text\/css\" data-created_by=\"avia_inline_auto\" id=\"style-css-av-jjy7k5dr-528d00986f7e5c9d2c6d52fd1447c778\">\n.avia-section.av-jjy7k5dr-528d00986f7e5c9d2c6d52fd1447c778{\nbackground-color:#0d242e;\nbackground-image:url(https:\/\/www.tdgiworld.com\/wp-content\/uploads\/header_slim_geral-1.jpg);\nbackground-repeat:no-repeat;\nbackground-position:50% 50%;\nbackground-attachment:scroll;\n}\n.avia-section.av-jjy7k5dr-528d00986f7e5c9d2c6d52fd1447c778 .av-section-color-overlay{\nopacity:0.6;\nbackground-color:#000000;\n}\n<\/style>\n<div id='av_section_1'  class='avia-section av-jjy7k5dr-528d00986f7e5c9d2c6d52fd1447c778 main_color avia-section-default avia-no-border-styling  avia-builder-el-0  el_before_av_section  avia-builder-el-first  avia-full-stretch avia-bg-style-scroll av-section-color-overlay-active av-minimum-height av-minimum-height-custom av-height-custom  container_wrap fullsize'  data-section-bg-repeat='stretch' data-av_minimum_height_px='350'><div class=\"av-section-color-overlay-wrap\"><div class=\"av-section-color-overlay\"><\/div><div class='container av-section-cont-open' style='height:350px'><main  role=\"main\" itemprop=\"mainContentOfPage\"  class='template-page content  av-content-full alpha units'><div class='post-entry post-entry-type-page post-entry-13239'><div class='entry-content-wrapper clearfix'>\n\n<style type=\"text\/css\" data-created_by=\"avia_inline_auto\" id=\"style-css-av-jrq638hj-b249ce136e6cc9519f5a80cffce9e513\">\n#top .av-special-heading.av-jrq638hj-b249ce136e6cc9519f5a80cffce9e513{\nmargin:20px 0 0 0;\npadding-bottom:10px;\ncolor:#ffffff;\n}\nbody .av-special-heading.av-jrq638hj-b249ce136e6cc9519f5a80cffce9e513 .av-special-heading-tag .heading-char{\nfont-size:25px;\n}\n.av-special-heading.av-jrq638hj-b249ce136e6cc9519f5a80cffce9e513 .special-heading-inner-border{\nborder-color:#ffffff;\n}\n.av-special-heading.av-jrq638hj-b249ce136e6cc9519f5a80cffce9e513 .av-subheading{\nfont-size:16px;\n}\n<\/style>\n<div  class='av-special-heading av-jrq638hj-b249ce136e6cc9519f5a80cffce9e513 av-special-heading-h1 custom-color-heading blockquote modern-quote  avia-builder-el-1  avia-builder-el-no-sibling '><h1 class='av-special-heading-tag '  itemprop=\"headline\"  >Cha\u00eene \u00c9thique<\/h1><div class=\"special-heading-border\"><div class=\"special-heading-inner-border\"><\/div><\/div><\/div>\n\n<\/div><\/div><\/main><!-- close content main element --><\/div><\/div><\/div>\n<style type=\"text\/css\" data-created_by=\"avia_inline_auto\" id=\"style-css-av-1gx2q-4d51e8f95e0e8abd237e374269d65668\">\n.avia-section.av-1gx2q-4d51e8f95e0e8abd237e374269d65668{\nbackground-repeat:no-repeat;\nbackground-image:url(https:\/\/www.tdgiworld.com\/wp-content\/uploads\/BG_home_7.jpg);\nbackground-position:0% 0%;\nbackground-attachment:scroll;\n}\n.avia-section.av-1gx2q-4d51e8f95e0e8abd237e374269d65668 .av-section-color-overlay{\nopacity:0.8;\nbackground-color:#ffffff;\n}\n<\/style>\n<div id='av_section_2'  class='avia-section av-1gx2q-4d51e8f95e0e8abd237e374269d65668 main_color avia-section-default avia-no-border-styling  avia-builder-el-2  el_after_av_section  avia-builder-el-last  avia-full-stretch avia-bg-style-scroll av-section-color-overlay-active container_wrap fullsize'  data-section-bg-repeat='stretch'><div class=\"av-section-color-overlay-wrap\"><div class=\"av-section-color-overlay\"><\/div><div class='container av-section-cont-open' ><div class='template-page content  av-content-full alpha units'><div class='post-entry post-entry-type-page post-entry-13239'><div class='entry-content-wrapper clearfix'>\n\n<style type=\"text\/css\" data-created_by=\"avia_inline_auto\" id=\"style-css-av-lr7wxjic-5a50d7c2dcf687fa032a48d86856ae18\">\n#top .av-special-heading.av-lr7wxjic-5a50d7c2dcf687fa032a48d86856ae18{\npadding-bottom:10px;\n}\nbody .av-special-heading.av-lr7wxjic-5a50d7c2dcf687fa032a48d86856ae18 .av-special-heading-tag .heading-char{\nfont-size:25px;\n}\n.av-special-heading.av-lr7wxjic-5a50d7c2dcf687fa032a48d86856ae18 .av-subheading{\nfont-size:15px;\n}\n<\/style>\n<div  class='av-special-heading av-lr7wxjic-5a50d7c2dcf687fa032a48d86856ae18 av-special-heading-h2  avia-builder-el-3  el_before_av_hr  avia-builder-el-first '><h2 class='av-special-heading-tag '  itemprop=\"headline\"  >Signalement des irr\u00e9gularit\u00e9s<\/h2><div class=\"special-heading-border\"><div class=\"special-heading-inner-border\"><\/div><\/div><\/div>\n\n<style type=\"text\/css\" data-created_by=\"avia_inline_auto\" id=\"style-css-av-jjyeaz1b-d50565df71ee11d3e33c3a7e86a9dd3d\">\n#top .hr.hr-invisible.av-jjyeaz1b-d50565df71ee11d3e33c3a7e86a9dd3d{\nheight:15px;\n}\n<\/style>\n<div  class='hr av-jjyeaz1b-d50565df71ee11d3e33c3a7e86a9dd3d hr-invisible  avia-builder-el-4  el_after_av_heading  el_before_av_textblock '><span class='hr-inner '><span class=\"hr-inner-style\"><\/span><\/span><\/div>\n\n<style type=\"text\/css\" data-created_by=\"avia_inline_auto\" id=\"style-css-av-jjydqaau-bec723722e76f983b9bb15279d192b1f\">\n#top .av_textblock_section.av-jjydqaau-bec723722e76f983b9bb15279d192b1f .avia_textblock{\nfont-size:14px;\n}\n<\/style>\n<section  class='av_textblock_section av-jjydqaau-bec723722e76f983b9bb15279d192b1f '   itemscope=\"itemscope\" itemtype=\"https:\/\/schema.org\/CreativeWork\" ><div class='avia_textblock'  itemprop=\"text\" ><p>Les actions de TDGI et de ses employ\u00e9s sont guid\u00e9es par l&rsquo;hypoth\u00e8se d&rsquo;actions qui donnent la priorit\u00e9 \u00e0 la pr\u00e9vention et \u00e0 l&rsquo;interdiction des pratiques de non-conformit\u00e9, telles que les pots-de-vin, la corruption ou la violation des principes d&rsquo;\u00e9thique des affaires, et sont donc conformes aux lois et r\u00e9glementations anti-corruption applicables dans les pays o\u00f9 elle op\u00e8re.<\/p>\n<p>Le 24\/11\/2023, par r\u00e9solution de son conseil d&rsquo;administration, TDGI a adopt\u00e9 la politique de d\u00e9nonciation de Teixeira Duarte, S.A., qui peut \u00eatre consult\u00e9e sur le <a href=\"https:\/\/www.teixeiraduarte.pt\/en\/group\/ethics-channel\/\" target=\"_blank\" rel=\"noopener\">site web de Teixeira Duarte suivant<\/a><\/p>\n<p style=\"text-align: justify;\">\u00c0 cette fin, le groupe Teixeira Duarte dispose d&rsquo;une proc\u00e9dure qui \u00e9tablit comment communiquer, contr\u00f4ler et traiter les plaintes re\u00e7ues au sein de la structure de l&rsquo;entreprise en tant que mesure de pr\u00e9vention et de lutte contre les pratiques inappropri\u00e9es et qui garantit l&rsquo;anonymat des plaignants s&rsquo;ils le souhaitent. Les signalements de violations des r\u00e8gles externes et internes applicables peuvent \u00eatre re\u00e7us par le <a href=\"https:\/\/teixeiraduarte.integrity.complylog.com\/\">canal de d\u00e9nonciation du groupe Teixeira Duarte<\/a> et par les canaux suivants:<\/p>\n<ul style=\"text-align: justify;\" type=\"disc\">\n<li>Correspondance adress\u00e9e au conseil d&rsquo;administration ou au conseil de surveillance de Teixeira Duarte, S.A. ;<\/li>\n<li>Courriel \u00e0 compliance@teixeiraduarte.com, avec acc\u00e8s exclusif pour l&rsquo;\u00e9quipe d&rsquo;\u00e9thique ;<\/li>\n<li>Courriel \u00e0 conselhofiscal@teixeiraduarte.com, avec acc\u00e8s exclusif pour les membres du conseil de surveillance.<\/li>\n<\/ul>\n<p>Le Canal \u00e9thique peut \u00eatre utilis\u00e9 par tous les employ\u00e9s, clients, fournisseurs ou autres parties prenantes des entreprises du groupe Teixeira Duarte. Si vous avez connaissance d&rsquo;un acte qui, selon vous, n&rsquo;est pas conforme aux r\u00e8gles l\u00e9gales ou au r\u00e8glement int\u00e9rieur, n&rsquo;h\u00e9sitez pas \u00e0 le signaler. Teixeira Duarte garantit l&rsquo;anonymat des communications re\u00e7ues si les d\u00e9nonciateurs le souhaitent, l&rsquo;absence de repr\u00e9sailles pour les d\u00e9nonciations de bonne foi et la protection des donn\u00e9es personnelles du d\u00e9nonciateur et de la personne soup\u00e7onn\u00e9e d&rsquo;avoir commis l&rsquo;infraction.<\/p>\n<\/div><\/section>\n\n<style type=\"text\/css\" data-created_by=\"avia_inline_auto\" id=\"style-css-av-okjznj-b107df9d314f5611b82690fbc3b1b951\">\n#top .hr.hr-invisible.av-okjznj-b107df9d314f5611b82690fbc3b1b951{\nheight:10px;\n}\n<\/style>\n<div  class='hr av-okjznj-b107df9d314f5611b82690fbc3b1b951 hr-invisible  avia-builder-el-6  el_after_av_textblock  avia-builder-el-last '><span class='hr-inner '><span class=\"hr-inner-style\"><\/span><\/span><\/div>\n\n","protected":false},"excerpt":{"rendered":"","protected":false},"author":4,"featured_media":0,"parent":8872,"menu_order":1,"comment_status":"closed","ping_status":"closed","template":"","meta":{"footnotes":"","_links_to":"","_links_to_target":""},"class_list":["post-13239","page","type-page","status-publish","hentry"],"yoast_head":"<!-- This site is optimized with the Yoast SEO Premium plugin v27.1 (Yoast SEO v27.1.1) - https:\/\/yoast.com\/product\/yoast-seo-premium-wordpress\/ -->\n<title>Cha\u00eene \u00c9thique - TDGI - Tecnologia de Gest\u00e3o de Im\u00f3veis, S.A<\/title>\n<meta name=\"description\" content=\"Les actions de TDGI et de ses employ\u00e9s sont guid\u00e9es par l&#039;hypoth\u00e8se d&#039;actions qui donnent la priorit\u00e9 \u00e0 la pr\u00e9vention et \u00e0 l&#039;interdiction des pratiques de non-conformit\u00e9,\" \/>\n<meta name=\"robots\" content=\"index, follow, max-snippet:-1, max-image-preview:large, max-video-preview:-1\" \/>\n<link rel=\"canonical\" href=\"https:\/\/www.tdgiworld.com\/fr\/a-propos-tdgi\/chaine-ethique\/\" \/>\n<meta property=\"og:locale\" content=\"fr_FR\" \/>\n<meta property=\"og:type\" content=\"article\" \/>\n<meta property=\"og:title\" content=\"Cha\u00eene \u00c9thique\" \/>\n<meta property=\"og:description\" content=\"Les actions de TDGI et de ses employ\u00e9s sont guid\u00e9es par l&#039;hypoth\u00e8se d&#039;actions qui donnent la priorit\u00e9 \u00e0 la pr\u00e9vention et \u00e0 l&#039;interdiction des pratiques de non-conformit\u00e9,\" \/>\n<meta property=\"og:url\" content=\"https:\/\/www.tdgiworld.com\/fr\/a-propos-tdgi\/chaine-ethique\/\" \/>\n<meta property=\"og:site_name\" content=\"TDGI - Tecnologia de Gest\u00e3o de Im\u00f3veis, S.A\" \/>\n<meta property=\"article:modified_time\" content=\"2024-05-24T11:13:43+00:00\" \/>\n<meta name=\"twitter:card\" content=\"summary_large_image\" \/>\n<meta name=\"twitter:label1\" content=\"Dur\u00e9e de lecture estim\u00e9e\" \/>\n\t<meta name=\"twitter:data1\" content=\"2 minutes\" \/>\n<script type=\"application\/ld+json\" class=\"yoast-schema-graph\">{\"@context\":\"https:\/\/schema.org\",\"@graph\":[{\"@type\":\"WebPage\",\"@id\":\"https:\/\/www.tdgiworld.com\/fr\/a-propos-tdgi\/chaine-ethique\/\",\"url\":\"https:\/\/www.tdgiworld.com\/fr\/a-propos-tdgi\/chaine-ethique\/\",\"name\":\"Cha\u00eene \u00c9thique - TDGI - Tecnologia de Gest\u00e3o de Im\u00f3veis, S.A\",\"isPartOf\":{\"@id\":\"https:\/\/www.tdgiworld.com\/#website\"},\"datePublished\":\"2024-03-04T15:26:16+00:00\",\"dateModified\":\"2024-05-24T11:13:43+00:00\",\"description\":\"Les actions de TDGI et de ses employ\u00e9s sont guid\u00e9es par l'hypoth\u00e8se d'actions qui donnent la priorit\u00e9 \u00e0 la pr\u00e9vention et \u00e0 l'interdiction des pratiques de non-conformit\u00e9,\",\"breadcrumb\":{\"@id\":\"https:\/\/www.tdgiworld.com\/fr\/a-propos-tdgi\/chaine-ethique\/#breadcrumb\"},\"inLanguage\":\"fr-FR\",\"potentialAction\":[{\"@type\":\"ReadAction\",\"target\":[\"https:\/\/www.tdgiworld.com\/fr\/a-propos-tdgi\/chaine-ethique\/\"]}]},{\"@type\":\"BreadcrumbList\",\"@id\":\"https:\/\/www.tdgiworld.com\/fr\/a-propos-tdgi\/chaine-ethique\/#breadcrumb\",\"itemListElement\":[{\"@type\":\"ListItem\",\"position\":1,\"name\":\"In\u00edcio\",\"item\":\"https:\/\/www.tdgiworld.com\/fr\/home\/\"},{\"@type\":\"ListItem\",\"position\":2,\"name\":\"\u00c0 PROPOS TDGI\",\"item\":\"https:\/\/www.tdgiworld.com\/fr\/a-propos-tdgi\/enterprise\/\"},{\"@type\":\"ListItem\",\"position\":3,\"name\":\"Cha\u00eene \u00c9thique\"}]},{\"@type\":\"WebSite\",\"@id\":\"https:\/\/www.tdgiworld.com\/#website\",\"url\":\"https:\/\/www.tdgiworld.com\/\",\"name\":\"TDGI - Tecnologia de Gest\u00e3o de Im\u00f3veis, S.A\",\"description\":\"\",\"publisher\":{\"@id\":\"https:\/\/www.tdgiworld.com\/#organization\"},\"alternateName\":\"TDGI\",\"potentialAction\":[{\"@type\":\"SearchAction\",\"target\":{\"@type\":\"EntryPoint\",\"urlTemplate\":\"https:\/\/www.tdgiworld.com\/?s={search_term_string}\"},\"query-input\":{\"@type\":\"PropertyValueSpecification\",\"valueRequired\":true,\"valueName\":\"search_term_string\"}}],\"inLanguage\":\"fr-FR\"},{\"@type\":\"Organization\",\"@id\":\"https:\/\/www.tdgiworld.com\/#organization\",\"name\":\"TDGI Portugal\",\"alternateName\":\"TDGI\",\"url\":\"https:\/\/www.tdgiworld.com\/\",\"logo\":{\"@type\":\"ImageObject\",\"inLanguage\":\"fr-FR\",\"@id\":\"https:\/\/www.tdgiworld.com\/#\/schema\/logo\/image\/\",\"url\":\"https:\/\/www.tdgiworld.com\/wp-content\/uploads\/2018\/01\/logo_TDGI_home_2.png\",\"contentUrl\":\"https:\/\/www.tdgiworld.com\/wp-content\/uploads\/2018\/01\/logo_TDGI_home_2.png\",\"width\":170,\"height\":77,\"caption\":\"TDGI Portugal\"},\"image\":{\"@id\":\"https:\/\/www.tdgiworld.com\/#\/schema\/logo\/image\/\"},\"sameAs\":[\"https:\/\/pt.linkedin.com\/company\/tdgiworld?trk=similar-pages\",\"http:\/\/www.youtube.com\/@worldtdgi\"]}]}<\/script>\n<!-- \/ Yoast SEO Premium plugin. -->","yoast_head_json":{"title":"Cha\u00eene \u00c9thique - TDGI - Tecnologia de Gest\u00e3o de Im\u00f3veis, S.A","description":"Les actions de TDGI et de ses employ\u00e9s sont guid\u00e9es par l'hypoth\u00e8se d'actions qui donnent la priorit\u00e9 \u00e0 la pr\u00e9vention et \u00e0 l'interdiction des pratiques de non-conformit\u00e9,","robots":{"index":"index","follow":"follow","max-snippet":"max-snippet:-1","max-image-preview":"max-image-preview:large","max-video-preview":"max-video-preview:-1"},"canonical":"https:\/\/www.tdgiworld.com\/fr\/a-propos-tdgi\/chaine-ethique\/","og_locale":"fr_FR","og_type":"article","og_title":"Cha\u00eene \u00c9thique","og_description":"Les actions de TDGI et de ses employ\u00e9s sont guid\u00e9es par l'hypoth\u00e8se d'actions qui donnent la priorit\u00e9 \u00e0 la pr\u00e9vention et \u00e0 l'interdiction des pratiques de non-conformit\u00e9,","og_url":"https:\/\/www.tdgiworld.com\/fr\/a-propos-tdgi\/chaine-ethique\/","og_site_name":"TDGI - Tecnologia de Gest\u00e3o de Im\u00f3veis, S.A","article_modified_time":"2024-05-24T11:13:43+00:00","twitter_card":"summary_large_image","twitter_misc":{"Dur\u00e9e de lecture estim\u00e9e":"2 minutes"},"schema":{"@context":"https:\/\/schema.org","@graph":[{"@type":"WebPage","@id":"https:\/\/www.tdgiworld.com\/fr\/a-propos-tdgi\/chaine-ethique\/","url":"https:\/\/www.tdgiworld.com\/fr\/a-propos-tdgi\/chaine-ethique\/","name":"Cha\u00eene \u00c9thique - TDGI - Tecnologia de Gest\u00e3o de Im\u00f3veis, S.A","isPartOf":{"@id":"https:\/\/www.tdgiworld.com\/#website"},"datePublished":"2024-03-04T15:26:16+00:00","dateModified":"2024-05-24T11:13:43+00:00","description":"Les actions de TDGI et de ses employ\u00e9s sont guid\u00e9es par l'hypoth\u00e8se d'actions qui donnent la priorit\u00e9 \u00e0 la pr\u00e9vention et \u00e0 l'interdiction des pratiques de non-conformit\u00e9,","breadcrumb":{"@id":"https:\/\/www.tdgiworld.com\/fr\/a-propos-tdgi\/chaine-ethique\/#breadcrumb"},"inLanguage":"fr-FR","potentialAction":[{"@type":"ReadAction","target":["https:\/\/www.tdgiworld.com\/fr\/a-propos-tdgi\/chaine-ethique\/"]}]},{"@type":"BreadcrumbList","@id":"https:\/\/www.tdgiworld.com\/fr\/a-propos-tdgi\/chaine-ethique\/#breadcrumb","itemListElement":[{"@type":"ListItem","position":1,"name":"In\u00edcio","item":"https:\/\/www.tdgiworld.com\/fr\/home\/"},{"@type":"ListItem","position":2,"name":"\u00c0 PROPOS TDGI","item":"https:\/\/www.tdgiworld.com\/fr\/a-propos-tdgi\/enterprise\/"},{"@type":"ListItem","position":3,"name":"Cha\u00eene \u00c9thique"}]},{"@type":"WebSite","@id":"https:\/\/www.tdgiworld.com\/#website","url":"https:\/\/www.tdgiworld.com\/","name":"TDGI - Tecnologia de Gest\u00e3o de Im\u00f3veis, S.A","description":"","publisher":{"@id":"https:\/\/www.tdgiworld.com\/#organization"},"alternateName":"TDGI","potentialAction":[{"@type":"SearchAction","target":{"@type":"EntryPoint","urlTemplate":"https:\/\/www.tdgiworld.com\/?s={search_term_string}"},"query-input":{"@type":"PropertyValueSpecification","valueRequired":true,"valueName":"search_term_string"}}],"inLanguage":"fr-FR"},{"@type":"Organization","@id":"https:\/\/www.tdgiworld.com\/#organization","name":"TDGI Portugal","alternateName":"TDGI","url":"https:\/\/www.tdgiworld.com\/","logo":{"@type":"ImageObject","inLanguage":"fr-FR","@id":"https:\/\/www.tdgiworld.com\/#\/schema\/logo\/image\/","url":"https:\/\/www.tdgiworld.com\/wp-content\/uploads\/2018\/01\/logo_TDGI_home_2.png","contentUrl":"https:\/\/www.tdgiworld.com\/wp-content\/uploads\/2018\/01\/logo_TDGI_home_2.png","width":170,"height":77,"caption":"TDGI Portugal"},"image":{"@id":"https:\/\/www.tdgiworld.com\/#\/schema\/logo\/image\/"},"sameAs":["https:\/\/pt.linkedin.com\/company\/tdgiworld?trk=similar-pages","http:\/\/www.youtube.com\/@worldtdgi"]}]}},"_links":{"self":[{"href":"https:\/\/www.tdgiworld.com\/fr\/wp-json\/wp\/v2\/pages\/13239","targetHints":{"allow":["GET"]}}],"collection":[{"href":"https:\/\/www.tdgiworld.com\/fr\/wp-json\/wp\/v2\/pages"}],"about":[{"href":"https:\/\/www.tdgiworld.com\/fr\/wp-json\/wp\/v2\/types\/page"}],"author":[{"embeddable":true,"href":"https:\/\/www.tdgiworld.com\/fr\/wp-json\/wp\/v2\/users\/4"}],"replies":[{"embeddable":true,"href":"https:\/\/www.tdgiworld.com\/fr\/wp-json\/wp\/v2\/comments?post=13239"}],"version-history":[{"count":7,"href":"https:\/\/www.tdgiworld.com\/fr\/wp-json\/wp\/v2\/pages\/13239\/revisions"}],"predecessor-version":[{"id":13865,"href":"https:\/\/www.tdgiworld.com\/fr\/wp-json\/wp\/v2\/pages\/13239\/revisions\/13865"}],"up":[{"embeddable":true,"href":"https:\/\/www.tdgiworld.com\/fr\/wp-json\/wp\/v2\/pages\/8872"}],"wp:attachment":[{"href":"https:\/\/www.tdgiworld.com\/fr\/wp-json\/wp\/v2\/media?parent=13239"}],"curies":[{"name":"wp","href":"https:\/\/api.w.org\/{rel}","templated":true}]}}