{"id":3155,"date":"2018-06-20T10:52:47","date_gmt":"2018-06-20T10:52:47","guid":{"rendered":"https:\/\/www.tdgiworld.com\/outras-certificacoes\/"},"modified":"2021-05-14T11:05:53","modified_gmt":"2021-05-14T11:05:53","slug":"autres-certifications","status":"publish","type":"page","link":"https:\/\/www.tdgiworld.com\/fr\/autres-certifications\/","title":{"rendered":"Autres Certifications"},"content":{"rendered":"\n<style type=\"text\/css\" data-created_by=\"avia_inline_auto\" id=\"style-css-av-jimx0juv-bbd4a3282a24f900b3e57a608c019379\">\n.avia-section.av-jimx0juv-bbd4a3282a24f900b3e57a608c019379{\nbackground-repeat:no-repeat;\nbackground-image:url(https:\/\/www.tdgiworld.com\/wp-content\/uploads\/CERTIFICACAO_banner.jpg);\nbackground-position:0% 0%;\nbackground-attachment:scroll;\n}\n.avia-section.av-jimx0juv-bbd4a3282a24f900b3e57a608c019379 .av-section-color-overlay{\nopacity:0.3;\nbackground-color:#000000;\n}\n<\/style>\n<div id='av_section_1'  class='avia-section av-jimx0juv-bbd4a3282a24f900b3e57a608c019379 main_color avia-section-default avia-no-border-styling  avia-builder-el-0  el_before_av_section  avia-builder-el-first  av-desktop-hide av-medium-hide avia-full-stretch avia-bg-style-scroll av-section-color-overlay-active container_wrap fullsize'  data-section-bg-repeat='stretch'><div class=\"av-section-color-overlay-wrap\"><div class=\"av-section-color-overlay\"><\/div><div class='container av-section-cont-open' ><main  role=\"main\" itemprop=\"mainContentOfPage\"  class='template-page content  av-content-full alpha units'><div class='post-entry post-entry-type-page post-entry-3155'><div class='entry-content-wrapper clearfix'>\n\n<style type=\"text\/css\" data-created_by=\"avia_inline_auto\" id=\"style-css-av-av_heading-b653bffdcc60a4f8d420757dad5b140e\">\n#top .av-special-heading.av-av_heading-b653bffdcc60a4f8d420757dad5b140e{\npadding-bottom:10px;\ncolor:#ffffff;\n}\nbody .av-special-heading.av-av_heading-b653bffdcc60a4f8d420757dad5b140e .av-special-heading-tag .heading-char{\nfont-size:25px;\n}\n.av-special-heading.av-av_heading-b653bffdcc60a4f8d420757dad5b140e .special-heading-inner-border{\nborder-color:#ffffff;\n}\n.av-special-heading.av-av_heading-b653bffdcc60a4f8d420757dad5b140e .av-subheading{\nfont-size:15px;\n}\n<\/style>\n<div  class='av-special-heading av-av_heading-b653bffdcc60a4f8d420757dad5b140e av-special-heading-h1 custom-color-heading blockquote modern-quote  avia-builder-el-1  avia-builder-el-no-sibling '><h1 class='av-special-heading-tag '  itemprop=\"headline\"  >Autres Certifications<\/h1><div class=\"special-heading-border\"><div class=\"special-heading-inner-border\"><\/div><\/div><\/div>\n\n<\/div><\/div><\/main><!-- close content main element --><\/div><\/div><\/div>\n<style type=\"text\/css\" data-created_by=\"avia_inline_auto\" id=\"style-css-av-jimx0juv-821dd7caa595a75a15cee35dee229a83\">\n.avia-section.av-jimx0juv-821dd7caa595a75a15cee35dee229a83{\nbackground-repeat:no-repeat;\nbackground-image:url(https:\/\/www.tdgiworld.com\/wp-content\/uploads\/CERTIFICACAO_banner.jpg);\nbackground-position:0% 0%;\nbackground-attachment:scroll;\n}\n.avia-section.av-jimx0juv-821dd7caa595a75a15cee35dee229a83 .av-section-color-overlay{\nopacity:0.3;\nbackground-color:#000000;\n}\n<\/style>\n<div id='av_section_2'  class='avia-section av-jimx0juv-821dd7caa595a75a15cee35dee229a83 main_color avia-section-default avia-no-border-styling  avia-builder-el-2  el_after_av_section  el_before_av_section  av-small-hide av-mini-hide avia-full-stretch avia-bg-style-scroll av-section-color-overlay-active av-minimum-height av-minimum-height-custom av-height-custom  container_wrap fullsize'  data-section-bg-repeat='stretch' data-av_minimum_height_px='350'><div class=\"av-section-color-overlay-wrap\"><div class=\"av-section-color-overlay\"><\/div><div class='container av-section-cont-open' style='height:350px'><div class='template-page content  av-content-full alpha units'><div class='post-entry post-entry-type-page post-entry-3155'><div class='entry-content-wrapper clearfix'>\n\n<style type=\"text\/css\" data-created_by=\"avia_inline_auto\" id=\"style-css-av-k9so1zcw-2b8bcb7bbd06380ddeeb4b5d1026d67a\">\n#top .hr.hr-invisible.av-k9so1zcw-2b8bcb7bbd06380ddeeb4b5d1026d67a{\nheight:50px;\n}\n<\/style>\n<div  class='hr av-k9so1zcw-2b8bcb7bbd06380ddeeb4b5d1026d67a hr-invisible  avia-builder-el-3  el_before_av_heading  avia-builder-el-first '><span class='hr-inner '><span class=\"hr-inner-style\"><\/span><\/span><\/div>\n\n<style type=\"text\/css\" data-created_by=\"avia_inline_auto\" id=\"style-css-av-av_heading-b653bffdcc60a4f8d420757dad5b140e\">\n#top .av-special-heading.av-av_heading-b653bffdcc60a4f8d420757dad5b140e{\npadding-bottom:10px;\ncolor:#ffffff;\n}\nbody .av-special-heading.av-av_heading-b653bffdcc60a4f8d420757dad5b140e .av-special-heading-tag .heading-char{\nfont-size:25px;\n}\n.av-special-heading.av-av_heading-b653bffdcc60a4f8d420757dad5b140e .special-heading-inner-border{\nborder-color:#ffffff;\n}\n.av-special-heading.av-av_heading-b653bffdcc60a4f8d420757dad5b140e .av-subheading{\nfont-size:15px;\n}\n<\/style>\n<div  class='av-special-heading av-av_heading-b653bffdcc60a4f8d420757dad5b140e av-special-heading-h1 custom-color-heading blockquote modern-quote  avia-builder-el-4  el_after_av_hr  avia-builder-el-last '><h1 class='av-special-heading-tag '  itemprop=\"headline\"  >Autres Certifications<\/h1><div class=\"special-heading-border\"><div class=\"special-heading-inner-border\"><\/div><\/div><\/div>\n\n<\/div><\/div><\/div><!-- close content main div --><\/div><\/div><\/div>\n<style type=\"text\/css\" data-created_by=\"avia_inline_auto\" id=\"style-css-av-8ldss-8c1ec1b94b303768b5cd79652c346ae4\">\n.avia-section.av-8ldss-8c1ec1b94b303768b5cd79652c346ae4{\nbackground-color:#ffffff;\nbackground-image:url(https:\/\/www.tdgiworld.com\/wp-content\/uploads\/BG_home_7.jpg);\nbackground-repeat:no-repeat;\nbackground-position:50% 0%;\nbackground-attachment:fixed;\n}\n.avia-section.av-8ldss-8c1ec1b94b303768b5cd79652c346ae4 .av-section-color-overlay{\nopacity:0.8;\nbackground-color:#ffffff;\n}\n<\/style>\n<div id='av_section_3'  class='avia-section av-8ldss-8c1ec1b94b303768b5cd79652c346ae4 main_color avia-section-large avia-no-border-styling  avia-builder-el-5  el_after_av_section  avia-builder-el-last  avia-full-stretch avia-bg-style-fixed av-section-color-overlay-active container_wrap fullsize'  data-section-bg-repeat='stretch'><div class=\"av-section-color-overlay-wrap\"><div class=\"av-section-color-overlay\"><\/div><div class='container av-section-cont-open' ><div class='template-page content  av-content-full alpha units'><div class='post-entry post-entry-type-page post-entry-3155'><div class='entry-content-wrapper clearfix'>\n\n<style type=\"text\/css\" data-created_by=\"avia_inline_auto\" id=\"style-css-av-k9so1zcw-5155bddbe8d2d0a0677a040fa3b77e5b\">\n#top .hr.hr-invisible.av-k9so1zcw-5155bddbe8d2d0a0677a040fa3b77e5b{\nmargin-top:-50px;\nheight:1px;\n}\n<\/style>\n<div  class='hr av-k9so1zcw-5155bddbe8d2d0a0677a040fa3b77e5b hr-invisible  avia-builder-el-6  el_before_av_two_third  avia-builder-el-first  av-desktop-hide av-medium-hide'><span class='hr-inner '><span class=\"hr-inner-style\"><\/span><\/span><\/div>\n<div class='flex_column_table av-tagm-f53dc74c926045434795fe6096c6cb36 sc-av_two_third av-equal-height-column-flextable'>\n<style type=\"text\/css\" data-created_by=\"avia_inline_auto\" id=\"style-css-av-tagm-f53dc74c926045434795fe6096c6cb36\">\n.flex_column.av-tagm-f53dc74c926045434795fe6096c6cb36{\nborder-radius:0px 0px 0px 0px;\npadding:10px 0px 0px 0px;\n}\n<\/style>\n<div  class='flex_column av-tagm-f53dc74c926045434795fe6096c6cb36 av_two_third  avia-builder-el-7  el_after_av_hr  el_before_av_one_third  first flex_column_table_cell av-equal-height-column av-align-top  '     ><style type=\"text\/css\" data-created_by=\"avia_inline_auto\" id=\"style-css-av-6tdpk-bc1757189ce491e008dd16c314bd41c0\">\n#top .av_textblock_section.av-6tdpk-bc1757189ce491e008dd16c314bd41c0 .avia_textblock{\nfont-size:14px;\n}\n<\/style>\n<section  class='av_textblock_section av-6tdpk-bc1757189ce491e008dd16c314bd41c0 '   itemscope=\"itemscope\" itemtype=\"https:\/\/schema.org\/CreativeWork\" ><div class='avia_textblock'  itemprop=\"text\" ><ul class=\"list\">\n<li>Permis de construire n \u00b0 61988-PUB, en vertu de l&rsquo;ordonnance 16\/2004.<\/li>\n<li>Enregistrement n \u00b0 871, aupr\u00e8s de l&rsquo;Autorit\u00e9 nationale de protection civile (ANPC), en vertu du d\u00e9cret 773\/2009<\/li>\n<li>Qualification Energy Service Company (ESE) &#8211; Niveau 2, de la Direction g\u00e9n\u00e9rale de l&rsquo;\u00e9nergie et de la g\u00e9ologie, en vertu du d\u00e9cret-loi 29\/2011.<\/li>\n<li>Pouvoirs n \u00b0 1348, de l&rsquo;entit\u00e9 d&rsquo;assemblage d&rsquo;appareils \u00e0 gaz, par la Direction g\u00e9n\u00e9rale de l&rsquo;\u00e9nergie et de la g\u00e9ologie, en vertu du d\u00e9cret-loi 263\/89.<\/li>\n<\/ul>\n<\/div><\/section><br \/>\n\n<style type=\"text\/css\" data-created_by=\"avia_inline_auto\" id=\"style-css-av-av_heading-0ea4fbb2038ae7b3e6f4c644fa2b2939\">\n#top .av-special-heading.av-av_heading-0ea4fbb2038ae7b3e6f4c644fa2b2939{\npadding-bottom:10px;\ncolor:#3388a4;\n}\nbody .av-special-heading.av-av_heading-0ea4fbb2038ae7b3e6f4c644fa2b2939 .av-special-heading-tag .heading-char{\nfont-size:25px;\n}\n.av-special-heading.av-av_heading-0ea4fbb2038ae7b3e6f4c644fa2b2939 .special-heading-inner-border{\nborder-color:#3388a4;\n}\n.av-special-heading.av-av_heading-0ea4fbb2038ae7b3e6f4c644fa2b2939 .av-subheading{\nfont-size:15px;\n}\n<\/style>\n<div  class='av-special-heading av-av_heading-0ea4fbb2038ae7b3e6f4c644fa2b2939 av-special-heading-h2 custom-color-heading blockquote modern-quote  avia-builder-el-9  el_after_av_textblock  el_before_av_textblock '><h2 class='av-special-heading-tag '  itemprop=\"headline\"  >Accr\u00e9ditation technique<\/h2><div class=\"special-heading-border\"><div class=\"special-heading-inner-border\"><\/div><\/div><\/div><br \/>\n\n<style type=\"text\/css\" data-created_by=\"avia_inline_auto\" id=\"style-css-av-6tdpk-bc1757189ce491e008dd16c314bd41c0\">\n#top .av_textblock_section.av-6tdpk-bc1757189ce491e008dd16c314bd41c0 .avia_textblock{\nfont-size:14px;\n}\n<\/style>\n<section  class='av_textblock_section av-6tdpk-bc1757189ce491e008dd16c314bd41c0 '   itemscope=\"itemscope\" itemtype=\"https:\/\/schema.org\/CreativeWork\" ><div class='avia_textblock'  itemprop=\"text\" ><ul class=\"list\">\n<li>TIM &#8211; Techniciens d&rsquo;installation et de maintenance, en vertu de la loi 58\/2013 et du d\u00e9cret-loi 118\/2013<\/li>\n<li>Techniciens des groupes A et B qualifi\u00e9s en vertu du r\u00e8glement (CE) 1005\/2009 pour le transfert, le recyclage, la r\u00e9cup\u00e9ration et la destruction des substances qui appauvrissent la couche d&rsquo;ozone et pour les interventions de r\u00e9cup\u00e9ration pour le recyclage, la r\u00e9cup\u00e9ration et la destruction de ces substances, contenues dans les \u00e9quipements de r\u00e9frig\u00e9ration, la climatisation, les pompes \u00e0 chaleur, les extincteurs et les syst\u00e8mes de protection contre les incendies, ainsi que les interventions de maintenance et d&rsquo;assistance pour ces \u00e9quipements, y compris la d\u00e9tection de toute fuite de ces substances<\/li>\n<li>TREIE &#8211; Techniciens charg\u00e9s de l&rsquo;exploitation des installations \u00e9lectriques basse tension pour le service priv\u00e9<\/li>\n<li>Installateurs de syst\u00e8mes solaires thermiques<\/li>\n<li>M\u00e9caniciens d&rsquo;appareils \u00e0 gaz<\/li>\n<li>CMVP &#8211; Professionnel certifi\u00e9 de mesure et de v\u00e9rification, selon le Protocole international de mesure et de v\u00e9rification des performances (IPMVP)<\/li>\n<\/ul>\n<\/div><\/section><\/p><\/div><div class='av-flex-placeholder'><\/div>\n<style type=\"text\/css\" data-created_by=\"avia_inline_auto\" id=\"style-css-av-tagm-e91ff121fe9b7c86842e4c26e99c0d0d\">\n.flex_column.av-tagm-e91ff121fe9b7c86842e4c26e99c0d0d{\nborder-radius:0px 0px 0px 0px;\npadding:40px 40px 20px 40px;\nbackground:url(https:\/\/www.tdgiworld.com\/wp-content\/uploads\/BG_grey_gradient_short_alpha_50.png) 0% 0% repeat-x scroll ;\n}\n<\/style>\n<div  class='flex_column av-tagm-e91ff121fe9b7c86842e4c26e99c0d0d av_one_third  avia-builder-el-11  el_after_av_two_third  avia-builder-el-last  flex_column_table_cell av-equal-height-column av-align-top  '     ><p>\n<style type=\"text\/css\" data-created_by=\"avia_inline_auto\" id=\"style-css-av-av_heading-765fa220725f6885bfd3f776e7622581\">\n#top .av-special-heading.av-av_heading-765fa220725f6885bfd3f776e7622581{\npadding-bottom:0;\n}\nbody .av-special-heading.av-av_heading-765fa220725f6885bfd3f776e7622581 .av-special-heading-tag .heading-char{\nfont-size:25px;\n}\n.av-special-heading.av-av_heading-765fa220725f6885bfd3f776e7622581 .av-subheading{\nfont-size:15px;\n}\n<\/style>\n<div  class='av-special-heading av-av_heading-765fa220725f6885bfd3f776e7622581 av-special-heading-h3  avia-builder-el-12  el_before_av_textblock  avia-builder-el-first '><h3 class='av-special-heading-tag '  itemprop=\"headline\"  >Certificats<\/h3><div class=\"special-heading-border\"><div class=\"special-heading-inner-border\"><\/div><\/div><\/div><br \/>\n\n<style type=\"text\/css\" data-created_by=\"avia_inline_auto\" id=\"style-css-av-6tdpk-ce0999313854ce9250715c3a329e0f43\">\n#top .av_textblock_section.av-6tdpk-ce0999313854ce9250715c3a329e0f43 .avia_textblock{\nfont-size:15px;\n}\n<\/style>\n<section  class='av_textblock_section av-6tdpk-ce0999313854ce9250715c3a329e0f43 '   itemscope=\"itemscope\" itemtype=\"https:\/\/schema.org\/CreativeWork\" ><div class='avia_textblock'  itemprop=\"text\" ><p><strong>NP 4492<\/strong><br \/>\nFourniture de Services de Maintenance<\/p>\n<\/div><\/section><br \/>\n<div  class='avia-button-wrap av-jimxqusw-609bcb0dfbd8949f82b4feb600060a30-wrap avia-button-left  avia-builder-el-14  el_after_av_textblock  el_before_av_hr '><a href='https:\/\/www.tdgiworld.com\/wp-content\/uploads\/certificado-NP_4492_pt.pdf'  class='avia-button av-jimxqusw-609bcb0dfbd8949f82b4feb600060a30 av-link-btn avia-icon_select-yes-left-icon avia-size-small avia-position-left avia-color-theme-color'  target=\"_blank\"  rel=\"noopener noreferrer\"  aria-label=\"Afficher le certificat et la port\u00e9e\"><span class='avia_button_icon avia_button_icon_left avia-iconfont avia-font-entypo-fontello' data-av_icon='\ue82d' data-av_iconfont='entypo-fontello' ><\/span><span class='avia_iconbox_title' >Afficher le certificat et la port\u00e9e<\/span><\/a><\/div><br \/>\n\n<style type=\"text\/css\" data-created_by=\"avia_inline_auto\" id=\"style-css-av-33lw4-1cbe0ba74e6572c583b3bf9309926cb0\">\n#top .hr.av-33lw4-1cbe0ba74e6572c583b3bf9309926cb0{\nmargin-top:10px;\nmargin-bottom:10px;\n}\n.hr.av-33lw4-1cbe0ba74e6572c583b3bf9309926cb0 .hr-inner{\nwidth:100%;\nborder-color:#d6d6d6;\n}\n<\/style>\n<div  class='hr av-33lw4-1cbe0ba74e6572c583b3bf9309926cb0 hr-custom  avia-builder-el-15  el_after_av_button  el_before_av_textblock  hr-center hr-icon-no'><span class='hr-inner inner-border-av-border-thin'><span class=\"hr-inner-style\"><\/span><\/span><\/div><br \/>\n\n<style type=\"text\/css\" data-created_by=\"avia_inline_auto\" id=\"style-css-av-6tdpk-ce0999313854ce9250715c3a329e0f43\">\n#top .av_textblock_section.av-6tdpk-ce0999313854ce9250715c3a329e0f43 .avia_textblock{\nfont-size:15px;\n}\n<\/style>\n<section  class='av_textblock_section av-6tdpk-ce0999313854ce9250715c3a329e0f43 '   itemscope=\"itemscope\" itemtype=\"https:\/\/schema.org\/CreativeWork\" ><div class='avia_textblock'  itemprop=\"text\" ><p><strong>GAZ FLUOR\u00c9S\u00a0<\/strong><br \/>\nCert. Reg, 303\/2008<\/p>\n<\/div><\/section><br \/>\n<div  class='avia-button-wrap av-jimxqusw-d8bd596cf1fd5993f4a95dd7149a6873-wrap avia-button-left  avia-builder-el-17  el_after_av_textblock  avia-builder-el-last '><a href='https:\/\/www.tdgiworld.com\/wp-content\/uploads\/SAC_025_2014_TDGI_2021_pt-fr.pdf'  class='avia-button av-jimxqusw-d8bd596cf1fd5993f4a95dd7149a6873 av-link-btn avia-icon_select-yes-left-icon avia-size-small avia-position-left avia-color-theme-color'  target=\"_blank\"  rel=\"noopener noreferrer\"  aria-label=\"Afficher le certificat et la port\u00e9e\"><span class='avia_button_icon avia_button_icon_left avia-iconfont avia-font-entypo-fontello' data-av_icon='\ue82d' data-av_iconfont='entypo-fontello' ><\/span><span class='avia_iconbox_title' >Afficher le certificat et la port\u00e9e<\/span><\/a><\/div><\/p><\/div><\/div><!--close column table wrapper. Autoclose: 1 -->\n","protected":false},"excerpt":{"rendered":"","protected":false},"author":1,"featured_media":0,"parent":0,"menu_order":2,"comment_status":"closed","ping_status":"closed","template":"","meta":{"footnotes":"","_links_to":"","_links_to_target":""},"class_list":["post-3155","page","type-page","status-publish","hentry"],"yoast_head":"<!-- This site is optimized with the Yoast SEO Premium plugin v27.1 (Yoast SEO v27.1.1) - https:\/\/yoast.com\/product\/yoast-seo-premium-wordpress\/ -->\n<title>Autres Certifications - TDGI - Tecnologia de Gest\u00e3o de Im\u00f3veis, S.A<\/title>\n<meta name=\"robots\" content=\"index, follow, max-snippet:-1, max-image-preview:large, max-video-preview:-1\" \/>\n<link rel=\"canonical\" href=\"https:\/\/www.tdgiworld.com\/fr\/a-propos-tdgi\/certificacao\/autres-certifications\/\" \/>\n<meta property=\"og:locale\" content=\"fr_FR\" \/>\n<meta property=\"og:type\" content=\"article\" \/>\n<meta property=\"og:title\" content=\"Autres Certifications\" \/>\n<meta property=\"og:url\" content=\"https:\/\/www.tdgiworld.com\/fr\/a-propos-tdgi\/certificacao\/autres-certifications\/\" \/>\n<meta property=\"og:site_name\" content=\"TDGI - Tecnologia de Gest\u00e3o de Im\u00f3veis, S.A\" \/>\n<meta property=\"article:modified_time\" content=\"2021-05-14T11:05:53+00:00\" \/>\n<meta name=\"twitter:card\" content=\"summary_large_image\" \/>\n<meta name=\"twitter:label1\" content=\"Dur\u00e9e de lecture estim\u00e9e\" \/>\n\t<meta name=\"twitter:data1\" content=\"8 minutes\" \/>\n<script type=\"application\/ld+json\" class=\"yoast-schema-graph\">{\"@context\":\"https:\/\/schema.org\",\"@graph\":[{\"@type\":\"WebPage\",\"@id\":\"https:\/\/www.tdgiworld.com\/fr\/a-propos-tdgi\/certificacao\/autres-certifications\/\",\"url\":\"https:\/\/www.tdgiworld.com\/fr\/a-propos-tdgi\/certificacao\/autres-certifications\/\",\"name\":\"Autres Certifications - TDGI - Tecnologia de Gest\u00e3o de Im\u00f3veis, S.A\",\"isPartOf\":{\"@id\":\"https:\/\/www.tdgiworld.com\/#website\"},\"datePublished\":\"2018-06-20T10:52:47+00:00\",\"dateModified\":\"2021-05-14T11:05:53+00:00\",\"breadcrumb\":{\"@id\":\"https:\/\/www.tdgiworld.com\/fr\/a-propos-tdgi\/certificacao\/autres-certifications\/#breadcrumb\"},\"inLanguage\":\"fr-FR\",\"potentialAction\":[{\"@type\":\"ReadAction\",\"target\":[\"https:\/\/www.tdgiworld.com\/fr\/a-propos-tdgi\/certificacao\/autres-certifications\/\"]}]},{\"@type\":\"BreadcrumbList\",\"@id\":\"https:\/\/www.tdgiworld.com\/fr\/a-propos-tdgi\/certificacao\/autres-certifications\/#breadcrumb\",\"itemListElement\":[{\"@type\":\"ListItem\",\"position\":1,\"name\":\"In\u00edcio\",\"item\":\"https:\/\/www.tdgiworld.com\/fr\/home\/\"},{\"@type\":\"ListItem\",\"position\":2,\"name\":\"\u00c0 PROPOS TDGI\",\"item\":\"https:\/\/www.tdgiworld.com\/fr\/a-propos-tdgi\/enterprise\/\"},{\"@type\":\"ListItem\",\"position\":3,\"name\":\"Missions et Valeurs\",\"item\":\"https:\/\/www.tdgiworld.com\/fr\/?page_id=11332\"},{\"@type\":\"ListItem\",\"position\":4,\"name\":\"Certification\",\"item\":\"https:\/\/www.tdgiworld.com\/fr\/a-propos-tdgi\/certificacao\/systeme-de-gestion\/\"},{\"@type\":\"ListItem\",\"position\":5,\"name\":\"Autres Certifications\"}]},{\"@type\":\"WebSite\",\"@id\":\"https:\/\/www.tdgiworld.com\/#website\",\"url\":\"https:\/\/www.tdgiworld.com\/\",\"name\":\"TDGI - Tecnologia de Gest\u00e3o de Im\u00f3veis, S.A\",\"description\":\"\",\"publisher\":{\"@id\":\"https:\/\/www.tdgiworld.com\/#organization\"},\"alternateName\":\"TDGI\",\"potentialAction\":[{\"@type\":\"SearchAction\",\"target\":{\"@type\":\"EntryPoint\",\"urlTemplate\":\"https:\/\/www.tdgiworld.com\/?s={search_term_string}\"},\"query-input\":{\"@type\":\"PropertyValueSpecification\",\"valueRequired\":true,\"valueName\":\"search_term_string\"}}],\"inLanguage\":\"fr-FR\"},{\"@type\":\"Organization\",\"@id\":\"https:\/\/www.tdgiworld.com\/#organization\",\"name\":\"TDGI Portugal\",\"alternateName\":\"TDGI\",\"url\":\"https:\/\/www.tdgiworld.com\/\",\"logo\":{\"@type\":\"ImageObject\",\"inLanguage\":\"fr-FR\",\"@id\":\"https:\/\/www.tdgiworld.com\/#\/schema\/logo\/image\/\",\"url\":\"https:\/\/www.tdgiworld.com\/wp-content\/uploads\/2018\/01\/logo_TDGI_home_2.png\",\"contentUrl\":\"https:\/\/www.tdgiworld.com\/wp-content\/uploads\/2018\/01\/logo_TDGI_home_2.png\",\"width\":170,\"height\":77,\"caption\":\"TDGI Portugal\"},\"image\":{\"@id\":\"https:\/\/www.tdgiworld.com\/#\/schema\/logo\/image\/\"},\"sameAs\":[\"https:\/\/pt.linkedin.com\/company\/tdgiworld?trk=similar-pages\",\"http:\/\/www.youtube.com\/@worldtdgi\"]}]}<\/script>\n<!-- \/ Yoast SEO Premium plugin. -->","yoast_head_json":{"title":"Autres Certifications - TDGI - Tecnologia de Gest\u00e3o de Im\u00f3veis, S.A","robots":{"index":"index","follow":"follow","max-snippet":"max-snippet:-1","max-image-preview":"max-image-preview:large","max-video-preview":"max-video-preview:-1"},"canonical":"https:\/\/www.tdgiworld.com\/fr\/a-propos-tdgi\/certificacao\/autres-certifications\/","og_locale":"fr_FR","og_type":"article","og_title":"Autres Certifications","og_url":"https:\/\/www.tdgiworld.com\/fr\/a-propos-tdgi\/certificacao\/autres-certifications\/","og_site_name":"TDGI - Tecnologia de Gest\u00e3o de Im\u00f3veis, S.A","article_modified_time":"2021-05-14T11:05:53+00:00","twitter_card":"summary_large_image","twitter_misc":{"Dur\u00e9e de lecture estim\u00e9e":"8 minutes"},"schema":{"@context":"https:\/\/schema.org","@graph":[{"@type":"WebPage","@id":"https:\/\/www.tdgiworld.com\/fr\/a-propos-tdgi\/certificacao\/autres-certifications\/","url":"https:\/\/www.tdgiworld.com\/fr\/a-propos-tdgi\/certificacao\/autres-certifications\/","name":"Autres Certifications - TDGI - Tecnologia de Gest\u00e3o de Im\u00f3veis, S.A","isPartOf":{"@id":"https:\/\/www.tdgiworld.com\/#website"},"datePublished":"2018-06-20T10:52:47+00:00","dateModified":"2021-05-14T11:05:53+00:00","breadcrumb":{"@id":"https:\/\/www.tdgiworld.com\/fr\/a-propos-tdgi\/certificacao\/autres-certifications\/#breadcrumb"},"inLanguage":"fr-FR","potentialAction":[{"@type":"ReadAction","target":["https:\/\/www.tdgiworld.com\/fr\/a-propos-tdgi\/certificacao\/autres-certifications\/"]}]},{"@type":"BreadcrumbList","@id":"https:\/\/www.tdgiworld.com\/fr\/a-propos-tdgi\/certificacao\/autres-certifications\/#breadcrumb","itemListElement":[{"@type":"ListItem","position":1,"name":"In\u00edcio","item":"https:\/\/www.tdgiworld.com\/fr\/home\/"},{"@type":"ListItem","position":2,"name":"\u00c0 PROPOS TDGI","item":"https:\/\/www.tdgiworld.com\/fr\/a-propos-tdgi\/enterprise\/"},{"@type":"ListItem","position":3,"name":"Missions et Valeurs","item":"https:\/\/www.tdgiworld.com\/fr\/?page_id=11332"},{"@type":"ListItem","position":4,"name":"Certification","item":"https:\/\/www.tdgiworld.com\/fr\/a-propos-tdgi\/certificacao\/systeme-de-gestion\/"},{"@type":"ListItem","position":5,"name":"Autres Certifications"}]},{"@type":"WebSite","@id":"https:\/\/www.tdgiworld.com\/#website","url":"https:\/\/www.tdgiworld.com\/","name":"TDGI - Tecnologia de Gest\u00e3o de Im\u00f3veis, S.A","description":"","publisher":{"@id":"https:\/\/www.tdgiworld.com\/#organization"},"alternateName":"TDGI","potentialAction":[{"@type":"SearchAction","target":{"@type":"EntryPoint","urlTemplate":"https:\/\/www.tdgiworld.com\/?s={search_term_string}"},"query-input":{"@type":"PropertyValueSpecification","valueRequired":true,"valueName":"search_term_string"}}],"inLanguage":"fr-FR"},{"@type":"Organization","@id":"https:\/\/www.tdgiworld.com\/#organization","name":"TDGI Portugal","alternateName":"TDGI","url":"https:\/\/www.tdgiworld.com\/","logo":{"@type":"ImageObject","inLanguage":"fr-FR","@id":"https:\/\/www.tdgiworld.com\/#\/schema\/logo\/image\/","url":"https:\/\/www.tdgiworld.com\/wp-content\/uploads\/2018\/01\/logo_TDGI_home_2.png","contentUrl":"https:\/\/www.tdgiworld.com\/wp-content\/uploads\/2018\/01\/logo_TDGI_home_2.png","width":170,"height":77,"caption":"TDGI Portugal"},"image":{"@id":"https:\/\/www.tdgiworld.com\/#\/schema\/logo\/image\/"},"sameAs":["https:\/\/pt.linkedin.com\/company\/tdgiworld?trk=similar-pages","http:\/\/www.youtube.com\/@worldtdgi"]}]}},"_links":{"self":[{"href":"https:\/\/www.tdgiworld.com\/fr\/wp-json\/wp\/v2\/pages\/3155","targetHints":{"allow":["GET"]}}],"collection":[{"href":"https:\/\/www.tdgiworld.com\/fr\/wp-json\/wp\/v2\/pages"}],"about":[{"href":"https:\/\/www.tdgiworld.com\/fr\/wp-json\/wp\/v2\/types\/page"}],"author":[{"embeddable":true,"href":"https:\/\/www.tdgiworld.com\/fr\/wp-json\/wp\/v2\/users\/1"}],"replies":[{"embeddable":true,"href":"https:\/\/www.tdgiworld.com\/fr\/wp-json\/wp\/v2\/comments?post=3155"}],"version-history":[{"count":0,"href":"https:\/\/www.tdgiworld.com\/fr\/wp-json\/wp\/v2\/pages\/3155\/revisions"}],"wp:attachment":[{"href":"https:\/\/www.tdgiworld.com\/fr\/wp-json\/wp\/v2\/media?parent=3155"}],"curies":[{"name":"wp","href":"https:\/\/api.w.org\/{rel}","templated":true}]}}