{"id":3239,"date":"2018-01-22T12:08:13","date_gmt":"2018-01-22T12:08:13","guid":{"rendered":"https:\/\/www.tdgiworld.com\/termos-e-condicoes\/"},"modified":"2020-04-28T16:14:36","modified_gmt":"2020-04-28T16:14:36","slug":"conditions-dutilisation","status":"publish","type":"page","link":"https:\/\/www.tdgiworld.com\/fr\/conditions-dutilisation\/","title":{"rendered":"Conditions d\u2019utilisation"},"content":{"rendered":"\n<style type=\"text\/css\" data-created_by=\"avia_inline_auto\" id=\"style-css-av-jjy7k5dr-ef860714bd7ec1ff7b01bcd3147aa262\">\n.avia-section.av-jjy7k5dr-ef860714bd7ec1ff7b01bcd3147aa262{\nbackground-repeat:no-repeat;\nbackground-image:url(https:\/\/www.tdgiworld.com\/wp-content\/uploads\/header_slim_contactos_2.jpg);\nbackground-position:0% 0%;\nbackground-attachment:scroll;\n}\n<\/style>\n<div id='av_section_1'  class='avia-section av-jjy7k5dr-ef860714bd7ec1ff7b01bcd3147aa262 main_color avia-section-default avia-no-border-styling  avia-builder-el-0  el_before_av_section  avia-builder-el-first  avia-full-stretch avia-bg-style-scroll av-minimum-height av-minimum-height-custom av-height-custom  container_wrap fullsize'  data-section-bg-repeat='stretch' data-av_minimum_height_px='350'><div class='container av-section-cont-open' style='height:350px'><main  role=\"main\" itemprop=\"mainContentOfPage\"  class='template-page content  av-content-full alpha units'><div class='post-entry post-entry-type-page post-entry-3239'><div class='entry-content-wrapper clearfix'>\n<\/div><\/div><\/main><!-- close content main element --><\/div><\/div>\n<style type=\"text\/css\" data-created_by=\"avia_inline_auto\" id=\"style-css-av-1zcpuv-b904cd8dfc3a5adffcd1ab4c197edb87\">\n.avia-section.av-1zcpuv-b904cd8dfc3a5adffcd1ab4c197edb87{\nbackground-repeat:no-repeat;\nbackground-image:url(https:\/\/www.tdgiworld.com\/wp-content\/uploads\/BG_home_7.jpg);\nbackground-position:0% 0%;\nbackground-attachment:scroll;\n}\n.avia-section.av-1zcpuv-b904cd8dfc3a5adffcd1ab4c197edb87 .av-section-color-overlay{\nopacity:0.7;\nbackground-color:#ffffff;\n}\n<\/style>\n<div id='av_section_2'  class='avia-section av-1zcpuv-b904cd8dfc3a5adffcd1ab4c197edb87 main_color avia-section-large avia-no-border-styling  avia-builder-el-1  el_after_av_section  avia-builder-el-last  avia-full-contain avia-bg-style-scroll av-section-color-overlay-active container_wrap fullsize'  data-section-bg-repeat='contain'><div class=\"av-section-color-overlay-wrap\"><div class=\"av-section-color-overlay\"><\/div><div class='container av-section-cont-open' ><div class='template-page content  av-content-full alpha units'><div class='post-entry post-entry-type-page post-entry-3239'><div class='entry-content-wrapper clearfix'>\n\n<style type=\"text\/css\" data-created_by=\"avia_inline_auto\" id=\"style-css-av-jjy8bo6j-d446a0395c0b44c66d7c85d21e275c2a\">\n#top .av-special-heading.av-jjy8bo6j-d446a0395c0b44c66d7c85d21e275c2a{\nmargin:10px 0 0 0;\npadding-bottom:10px;\n}\nbody .av-special-heading.av-jjy8bo6j-d446a0395c0b44c66d7c85d21e275c2a .av-special-heading-tag .heading-char{\nfont-size:25px;\n}\n.av-special-heading.av-jjy8bo6j-d446a0395c0b44c66d7c85d21e275c2a .av-subheading{\nfont-size:15px;\n}\n<\/style>\n<div  class='av-special-heading av-jjy8bo6j-d446a0395c0b44c66d7c85d21e275c2a av-special-heading-h1 blockquote modern-quote  avia-builder-el-2  el_before_av_textblock  avia-builder-el-first '><h1 class='av-special-heading-tag '  itemprop=\"headline\"  >Conditions d\u2019utilisation<\/h1><div class=\"special-heading-border\"><div class=\"special-heading-inner-border\"><\/div><\/div><\/div>\n<section  class='av_textblock_section av-jjy7m2rq-2701926f7708ee0fc6d71e9473ab9242 '   itemscope=\"itemscope\" itemtype=\"https:\/\/schema.org\/CreativeWork\" ><div class='avia_textblock'  itemprop=\"text\" ><div class=\"content-page text-center-mobile\">\n<p>L\u2019utilisateur du site de <strong>TDGI \u2013 Tecnologia de Gest\u00e3o de Im\u00f3veis, S.A<\/strong>. (TDGI) s\u2019efforce d\u2019agir de bonne foi et accepte implicitement les conditions g\u00e9n\u00e9rales suivantes:<\/p>\n<div class=\"content-page text-center-mobile\">\n<p><strong>D\u00e9claration sur la protection des droits d\u2019auteur<\/strong><\/p>\n<p>Le contenu du site de TDGI, y compris les textes, images ou toute autre information, est la propri\u00e9t\u00e9 de TDGI, qui en d\u00e9tient les droits d\u2019auteur.<\/p>\n<p>En utilisant le site de TDGI, l\u2019utilisateur accepte de respecter la l\u00e9gislation en vigueur, notamment, le code des droits d\u2019auteur et les droits connexes, le code de la propri\u00e9t\u00e9 industrielle et la loi relative \u00e0 la criminalit\u00e9 informatique.<\/p>\n<p>L\u2019utilisateur ne peut copier, importer ou utiliser le contenu du site de TDGI sans autorisation pr\u00e9alable de TDGI et sans mentionner le site de TDGI comme source d\u2019information\u00a0; en ce qui concerne le contenu provenant de sites li\u00e9s \u00e0 ce site, l\u2019utilisateur devra obtenir l\u2019autorisation des auteurs respectifs et respecter leurs d\u00e9clarations de droits d\u2019auteur.<\/p>\n<p>L\u2019utilisation ou la distribution non autoris\u00e9e de tout mat\u00e9riel provenant de ce site peut faire l\u2019objet de sanctions civiles ou p\u00e9nales en vertu des lois applicables.<\/p>\n<p><strong>Clause de non-responsabilit\u00e9<\/strong><\/p>\n<p>Le contenu dans ce site est constitu\u00e9 d\u2019informations g\u00e9n\u00e9rales qui ne sont pas n\u00e9cessairement exhaustives, exactes ou \u00e0 jour.<\/p>\n<p>TDGI ne garantit pas que les services fournis par le site de TDGI fonctionnent sans interruption.<\/p>\n<p>TDGI n\u2019est pas tenue de garder le contenu du site TDGI, y compris les textes, images ou toute autre information, celui-ci pouvant m\u00eame \u00eatre d\u00e9truit \u00e0 tout moment et ce, sans la moindre obligation d\u2019indemniser les utilisateurs ou les tiers.<\/p>\n<p>Il peut exister des liens vers des sites ext\u00e9rieurs au site de TDGI sur lesquels Teixeira Duarte n\u2019a aucun contr\u00f4le et pour lesquels elle n\u2019assume aucune responsabilit\u00e9.<\/p>\n<p>TDGI d\u00e9cline toute responsabilit\u00e9 pour d\u2019\u00e9ventuels probl\u00e8mes pouvant r\u00e9sulter d\u2019une utilisation du site de TDGI ou de tout autre site ext\u00e9rieur auquel il renvoie.<\/p>\n<p><strong>D\u00e9claration de confidentialit\u00e9<\/strong><\/p>\n<p>Conform\u00e9ment \u00e0 l\u2019article 35 de la Constitution de la R\u00e9publique portugaise et \u00e0 la loi n<sup>o<\/sup> 67\/98 du 26 octobre 1998, les informations recueillies sur les utilisateurs du site TDGI ne les identifie par personnellement, la confidentialit\u00e9 de leur identit\u00e9 est donc garantie.<\/p>\n<p>Cependant, les utilisateurs seront toujours identifi\u00e9s en cas d\u2019infraction, de non-respect des pr\u00e9sentes conditions g\u00e9n\u00e9rales, ou quand cela est demand\u00e9 par d\u00e9cision judiciaire.<\/p>\n<\/div>\n<\/div>\n<\/div><\/section>\n\n","protected":false},"excerpt":{"rendered":"","protected":false},"author":1,"featured_media":0,"parent":0,"menu_order":8,"comment_status":"closed","ping_status":"closed","template":"","meta":{"footnotes":"","_links_to":"","_links_to_target":""},"class_list":["post-3239","page","type-page","status-publish","hentry"],"yoast_head":"<!-- This site is optimized with the Yoast SEO Premium plugin v27.5 (Yoast SEO v27.5) - https:\/\/yoast.com\/product\/yoast-seo-premium-wordpress\/ -->\n<title>Conditions d\u2019utilisation - TDGI - Tecnologia de Gest\u00e3o de Im\u00f3veis, S.A<\/title>\n<meta name=\"robots\" content=\"index, follow, max-snippet:-1, max-image-preview:large, max-video-preview:-1\" \/>\n<link rel=\"canonical\" href=\"https:\/\/www.tdgiworld.com\/fr\/conditions-dutilisation\/\" \/>\n<meta property=\"og:locale\" content=\"fr_FR\" \/>\n<meta property=\"og:type\" content=\"article\" \/>\n<meta property=\"og:title\" content=\"Conditions d\u2019utilisation\" \/>\n<meta property=\"og:url\" content=\"https:\/\/www.tdgiworld.com\/fr\/conditions-dutilisation\/\" \/>\n<meta property=\"og:site_name\" content=\"TDGI - Tecnologia de Gest\u00e3o de Im\u00f3veis, S.A\" \/>\n<meta property=\"article:modified_time\" content=\"2020-04-28T16:14:36+00:00\" \/>\n<meta name=\"twitter:card\" content=\"summary_large_image\" \/>\n<meta name=\"twitter:label1\" content=\"Dur\u00e9e de lecture estim\u00e9e\" \/>\n\t<meta name=\"twitter:data1\" content=\"4 minutes\" \/>\n<script type=\"application\/ld+json\" class=\"yoast-schema-graph\">{\"@context\":\"https:\\\/\\\/schema.org\",\"@graph\":[{\"@type\":\"WebPage\",\"@id\":\"https:\\\/\\\/www.tdgiworld.com\\\/fr\\\/conditions-dutilisation\\\/\",\"url\":\"https:\\\/\\\/www.tdgiworld.com\\\/fr\\\/conditions-dutilisation\\\/\",\"name\":\"Conditions d\u2019utilisation - TDGI - Tecnologia de Gest\u00e3o de Im\u00f3veis, S.A\",\"isPartOf\":{\"@id\":\"https:\\\/\\\/www.tdgiworld.com\\\/#website\"},\"datePublished\":\"2018-01-22T12:08:13+00:00\",\"dateModified\":\"2020-04-28T16:14:36+00:00\",\"breadcrumb\":{\"@id\":\"https:\\\/\\\/www.tdgiworld.com\\\/fr\\\/conditions-dutilisation\\\/#breadcrumb\"},\"inLanguage\":\"fr-FR\",\"potentialAction\":[{\"@type\":\"ReadAction\",\"target\":[\"https:\\\/\\\/www.tdgiworld.com\\\/fr\\\/conditions-dutilisation\\\/\"]}]},{\"@type\":\"BreadcrumbList\",\"@id\":\"https:\\\/\\\/www.tdgiworld.com\\\/fr\\\/conditions-dutilisation\\\/#breadcrumb\",\"itemListElement\":[{\"@type\":\"ListItem\",\"position\":1,\"name\":\"In\u00edcio\",\"item\":\"https:\\\/\\\/www.tdgiworld.com\\\/fr\\\/home\\\/\"},{\"@type\":\"ListItem\",\"position\":2,\"name\":\"Conditions d\u2019utilisation\"}]},{\"@type\":\"WebSite\",\"@id\":\"https:\\\/\\\/www.tdgiworld.com\\\/#website\",\"url\":\"https:\\\/\\\/www.tdgiworld.com\\\/\",\"name\":\"TDGI - Tecnologia de Gest\u00e3o de Im\u00f3veis, S.A\",\"description\":\"\",\"publisher\":{\"@id\":\"https:\\\/\\\/www.tdgiworld.com\\\/#organization\"},\"alternateName\":\"TDGI\",\"potentialAction\":[{\"@type\":\"SearchAction\",\"target\":{\"@type\":\"EntryPoint\",\"urlTemplate\":\"https:\\\/\\\/www.tdgiworld.com\\\/?s={search_term_string}\"},\"query-input\":{\"@type\":\"PropertyValueSpecification\",\"valueRequired\":true,\"valueName\":\"search_term_string\"}}],\"inLanguage\":\"fr-FR\"},{\"@type\":\"Organization\",\"@id\":\"https:\\\/\\\/www.tdgiworld.com\\\/#organization\",\"name\":\"TDGI Portugal\",\"alternateName\":\"TDGI\",\"url\":\"https:\\\/\\\/www.tdgiworld.com\\\/\",\"logo\":{\"@type\":\"ImageObject\",\"inLanguage\":\"fr-FR\",\"@id\":\"https:\\\/\\\/www.tdgiworld.com\\\/#\\\/schema\\\/logo\\\/image\\\/\",\"url\":\"https:\\\/\\\/www.tdgiworld.com\\\/wp-content\\\/uploads\\\/2018\\\/01\\\/logo_TDGI_home_2.png\",\"contentUrl\":\"https:\\\/\\\/www.tdgiworld.com\\\/wp-content\\\/uploads\\\/2018\\\/01\\\/logo_TDGI_home_2.png\",\"width\":170,\"height\":77,\"caption\":\"TDGI Portugal\"},\"image\":{\"@id\":\"https:\\\/\\\/www.tdgiworld.com\\\/#\\\/schema\\\/logo\\\/image\\\/\"},\"sameAs\":[\"https:\\\/\\\/pt.linkedin.com\\\/company\\\/tdgiworld?trk=similar-pages\",\"http:\\\/\\\/www.youtube.com\\\/@worldtdgi\"]}]}<\/script>\n<!-- \/ Yoast SEO Premium plugin. -->","yoast_head_json":{"title":"Conditions d\u2019utilisation - TDGI - Tecnologia de Gest\u00e3o de Im\u00f3veis, S.A","robots":{"index":"index","follow":"follow","max-snippet":"max-snippet:-1","max-image-preview":"max-image-preview:large","max-video-preview":"max-video-preview:-1"},"canonical":"https:\/\/www.tdgiworld.com\/fr\/conditions-dutilisation\/","og_locale":"fr_FR","og_type":"article","og_title":"Conditions d\u2019utilisation","og_url":"https:\/\/www.tdgiworld.com\/fr\/conditions-dutilisation\/","og_site_name":"TDGI - Tecnologia de Gest\u00e3o de Im\u00f3veis, S.A","article_modified_time":"2020-04-28T16:14:36+00:00","twitter_card":"summary_large_image","twitter_misc":{"Dur\u00e9e de lecture estim\u00e9e":"4 minutes"},"schema":{"@context":"https:\/\/schema.org","@graph":[{"@type":"WebPage","@id":"https:\/\/www.tdgiworld.com\/fr\/conditions-dutilisation\/","url":"https:\/\/www.tdgiworld.com\/fr\/conditions-dutilisation\/","name":"Conditions d\u2019utilisation - TDGI - Tecnologia de Gest\u00e3o de Im\u00f3veis, S.A","isPartOf":{"@id":"https:\/\/www.tdgiworld.com\/#website"},"datePublished":"2018-01-22T12:08:13+00:00","dateModified":"2020-04-28T16:14:36+00:00","breadcrumb":{"@id":"https:\/\/www.tdgiworld.com\/fr\/conditions-dutilisation\/#breadcrumb"},"inLanguage":"fr-FR","potentialAction":[{"@type":"ReadAction","target":["https:\/\/www.tdgiworld.com\/fr\/conditions-dutilisation\/"]}]},{"@type":"BreadcrumbList","@id":"https:\/\/www.tdgiworld.com\/fr\/conditions-dutilisation\/#breadcrumb","itemListElement":[{"@type":"ListItem","position":1,"name":"In\u00edcio","item":"https:\/\/www.tdgiworld.com\/fr\/home\/"},{"@type":"ListItem","position":2,"name":"Conditions d\u2019utilisation"}]},{"@type":"WebSite","@id":"https:\/\/www.tdgiworld.com\/#website","url":"https:\/\/www.tdgiworld.com\/","name":"TDGI - Tecnologia de Gest\u00e3o de Im\u00f3veis, S.A","description":"","publisher":{"@id":"https:\/\/www.tdgiworld.com\/#organization"},"alternateName":"TDGI","potentialAction":[{"@type":"SearchAction","target":{"@type":"EntryPoint","urlTemplate":"https:\/\/www.tdgiworld.com\/?s={search_term_string}"},"query-input":{"@type":"PropertyValueSpecification","valueRequired":true,"valueName":"search_term_string"}}],"inLanguage":"fr-FR"},{"@type":"Organization","@id":"https:\/\/www.tdgiworld.com\/#organization","name":"TDGI Portugal","alternateName":"TDGI","url":"https:\/\/www.tdgiworld.com\/","logo":{"@type":"ImageObject","inLanguage":"fr-FR","@id":"https:\/\/www.tdgiworld.com\/#\/schema\/logo\/image\/","url":"https:\/\/www.tdgiworld.com\/wp-content\/uploads\/2018\/01\/logo_TDGI_home_2.png","contentUrl":"https:\/\/www.tdgiworld.com\/wp-content\/uploads\/2018\/01\/logo_TDGI_home_2.png","width":170,"height":77,"caption":"TDGI Portugal"},"image":{"@id":"https:\/\/www.tdgiworld.com\/#\/schema\/logo\/image\/"},"sameAs":["https:\/\/pt.linkedin.com\/company\/tdgiworld?trk=similar-pages","http:\/\/www.youtube.com\/@worldtdgi"]}]}},"_links":{"self":[{"href":"https:\/\/www.tdgiworld.com\/fr\/wp-json\/wp\/v2\/pages\/3239","targetHints":{"allow":["GET"]}}],"collection":[{"href":"https:\/\/www.tdgiworld.com\/fr\/wp-json\/wp\/v2\/pages"}],"about":[{"href":"https:\/\/www.tdgiworld.com\/fr\/wp-json\/wp\/v2\/types\/page"}],"author":[{"embeddable":true,"href":"https:\/\/www.tdgiworld.com\/fr\/wp-json\/wp\/v2\/users\/1"}],"replies":[{"embeddable":true,"href":"https:\/\/www.tdgiworld.com\/fr\/wp-json\/wp\/v2\/comments?post=3239"}],"version-history":[{"count":0,"href":"https:\/\/www.tdgiworld.com\/fr\/wp-json\/wp\/v2\/pages\/3239\/revisions"}],"wp:attachment":[{"href":"https:\/\/www.tdgiworld.com\/fr\/wp-json\/wp\/v2\/media?parent=3239"}],"curies":[{"name":"wp","href":"https:\/\/api.w.org\/{rel}","templated":true}]}}