{"id":4142,"date":"2018-07-23T14:52:39","date_gmt":"2018-07-23T14:52:39","guid":{"rendered":"https:\/\/www.tdgiworld.com\/lentreprise\/values\/"},"modified":"2020-05-04T16:27:53","modified_gmt":"2020-05-04T16:27:53","slug":"missions-et-valeurs","status":"publish","type":"page","link":"https:\/\/www.tdgiworld.com\/fr\/a-propos-tdgi\/missions-et-valeurs\/","title":{"rendered":"Missions et Valeurs"},"content":{"rendered":"\n<style type=\"text\/css\" data-created_by=\"avia_inline_auto\" id=\"style-css-av-jjy7k5dr-b8caf0f6acca55771ae43b80d62ba80b\">\n.avia-section.av-jjy7k5dr-b8caf0f6acca55771ae43b80d62ba80b{\nbackground-color:#0d242e;\nbackground-image:url(https:\/\/www.tdgiworld.com\/wp-content\/uploads\/header_slim_geral-1.jpg);\nbackground-repeat:no-repeat;\nbackground-position:50% 50%;\nbackground-attachment:scroll;\n}\n.avia-section.av-jjy7k5dr-b8caf0f6acca55771ae43b80d62ba80b .av-section-color-overlay{\nopacity:0.6;\nbackground-color:#000000;\n}\n<\/style>\n<div id='av_section_1'  class='avia-section av-jjy7k5dr-b8caf0f6acca55771ae43b80d62ba80b main_color avia-section-default avia-no-border-styling  avia-builder-el-0  el_before_av_section  avia-builder-el-first  av-desktop-hide av-medium-hide avia-full-stretch avia-bg-style-scroll av-section-color-overlay-active container_wrap fullsize'  data-section-bg-repeat='stretch'><div class=\"av-section-color-overlay-wrap\"><div class=\"av-section-color-overlay\"><\/div><div class='container av-section-cont-open' ><main  role=\"main\" itemprop=\"mainContentOfPage\"  class='template-page content  av-content-full alpha units'><div class='post-entry post-entry-type-page post-entry-4142'><div class='entry-content-wrapper clearfix'>\n\n<style type=\"text\/css\" data-created_by=\"avia_inline_auto\" id=\"style-css-av-av_heading-5ea38fbfe457fec1cdd7abc2da56b005\">\n#top .av-special-heading.av-av_heading-5ea38fbfe457fec1cdd7abc2da56b005{\nmargin:10px 0 0 0;\npadding-bottom:10px;\ncolor:#ffffff;\n}\nbody .av-special-heading.av-av_heading-5ea38fbfe457fec1cdd7abc2da56b005 .av-special-heading-tag .heading-char{\nfont-size:25px;\n}\n.av-special-heading.av-av_heading-5ea38fbfe457fec1cdd7abc2da56b005 .special-heading-inner-border{\nborder-color:#ffffff;\n}\n.av-special-heading.av-av_heading-5ea38fbfe457fec1cdd7abc2da56b005 .av-subheading{\nfont-size:15px;\n}\n<\/style>\n<div  class='av-special-heading av-av_heading-5ea38fbfe457fec1cdd7abc2da56b005 av-special-heading-h1 custom-color-heading blockquote modern-quote  avia-builder-el-1  avia-builder-el-no-sibling '><h1 class='av-special-heading-tag '  itemprop=\"headline\"  >Missions et Valeurs<\/h1><div class='av_custom_color av-subheading av-subheading_below'><p>Faites, contribuant \u00e0 la construction d&rsquo;un monde meilleur.<\/p>\n<\/div><div class=\"special-heading-border\"><div class=\"special-heading-inner-border\"><\/div><\/div><\/div>\n\n<\/div><\/div><\/main><!-- close content main element --><\/div><\/div><\/div>\n<style type=\"text\/css\" data-created_by=\"avia_inline_auto\" id=\"style-css-av-jjy7k5dr-d544f9e5c1151d8e01089ca6f740f1f3\">\n.avia-section.av-jjy7k5dr-d544f9e5c1151d8e01089ca6f740f1f3{\nbackground-color:#0d242e;\nbackground-image:url(https:\/\/www.tdgiworld.com\/wp-content\/uploads\/header_slim_geral-1.jpg);\nbackground-repeat:no-repeat;\nbackground-position:50% 50%;\nbackground-attachment:scroll;\n}\n.avia-section.av-jjy7k5dr-d544f9e5c1151d8e01089ca6f740f1f3 .av-section-color-overlay{\nopacity:0.6;\nbackground-color:#000000;\n}\n<\/style>\n<div id='av_section_2'  class='avia-section av-jjy7k5dr-d544f9e5c1151d8e01089ca6f740f1f3 main_color avia-section-default avia-no-border-styling  avia-builder-el-2  el_after_av_section  el_before_av_section  av-small-hide av-mini-hide avia-full-stretch avia-bg-style-scroll av-section-color-overlay-active av-minimum-height av-minimum-height-custom av-height-custom  container_wrap fullsize'  data-section-bg-repeat='stretch' data-av_minimum_height_px='350'><div class=\"av-section-color-overlay-wrap\"><div class=\"av-section-color-overlay\"><\/div><div class='container av-section-cont-open' style='height:350px'><div class='template-page content  av-content-full alpha units'><div class='post-entry post-entry-type-page post-entry-4142'><div class='entry-content-wrapper clearfix'>\n\n<style type=\"text\/css\" data-created_by=\"avia_inline_auto\" id=\"style-css-av-jjydzu5r-ee03467aaf74ede39622e50df5bf701d\">\n#top .hr.hr-invisible.av-jjydzu5r-ee03467aaf74ede39622e50df5bf701d{\nheight:40px;\n}\n<\/style>\n<div  class='hr av-jjydzu5r-ee03467aaf74ede39622e50df5bf701d hr-invisible  avia-builder-el-3  el_before_av_heading  avia-builder-el-first '><span class='hr-inner '><span class=\"hr-inner-style\"><\/span><\/span><\/div>\n\n<style type=\"text\/css\" data-created_by=\"avia_inline_auto\" id=\"style-css-av-av_heading-e52680324cda7825156f2ea92c5573c6\">\n#top .av-special-heading.av-av_heading-e52680324cda7825156f2ea92c5573c6{\nmargin:20px 0 0 0;\npadding-bottom:10px;\ncolor:#ffffff;\n}\nbody .av-special-heading.av-av_heading-e52680324cda7825156f2ea92c5573c6 .av-special-heading-tag .heading-char{\nfont-size:25px;\n}\n.av-special-heading.av-av_heading-e52680324cda7825156f2ea92c5573c6 .special-heading-inner-border{\nborder-color:#ffffff;\n}\n.av-special-heading.av-av_heading-e52680324cda7825156f2ea92c5573c6 .av-subheading{\nfont-size:15px;\n}\n<\/style>\n<div  class='av-special-heading av-av_heading-e52680324cda7825156f2ea92c5573c6 av-special-heading-h1 custom-color-heading blockquote modern-quote  avia-builder-el-4  el_after_av_hr  avia-builder-el-last '><h1 class='av-special-heading-tag '  itemprop=\"headline\"  >Missions et Valeurs<\/h1><div class='av_custom_color av-subheading av-subheading_below'><p>Faites, contribuant \u00e0 la construction d&rsquo;un monde meilleur.<\/p>\n<\/div><div class=\"special-heading-border\"><div class=\"special-heading-inner-border\"><\/div><\/div><\/div>\n<\/div><\/div><\/div><!-- close content main div --><\/div><\/div><\/div>\n<style type=\"text\/css\" data-created_by=\"avia_inline_auto\" id=\"style-css-av-1zcpuv-82a8f4bea554cd4f838cb5bcf363eaeb\">\n.avia-section.av-1zcpuv-82a8f4bea554cd4f838cb5bcf363eaeb{\nbackground-repeat:no-repeat;\nbackground-image:url(https:\/\/www.tdgiworld.com\/wp-content\/uploads\/BG_home_7.jpg);\nbackground-position:0% 0%;\nbackground-attachment:scroll;\n}\n.avia-section.av-1zcpuv-82a8f4bea554cd4f838cb5bcf363eaeb .av-section-color-overlay{\nopacity:0.8;\nbackground-color:#ffffff;\n}\n<\/style>\n<div id='av_section_3'  class='avia-section av-1zcpuv-82a8f4bea554cd4f838cb5bcf363eaeb main_color avia-section-large avia-no-border-styling  avia-builder-el-5  el_after_av_section  avia-builder-el-last  avia-full-stretch avia-bg-style-scroll av-section-color-overlay-active container_wrap fullsize'  data-section-bg-repeat='stretch'><div class=\"av-section-color-overlay-wrap\"><div class=\"av-section-color-overlay\"><\/div><div class='container av-section-cont-open' ><div class='template-page content  av-content-full alpha units'><div class='post-entry post-entry-type-page post-entry-4142'><div class='entry-content-wrapper clearfix'>\n\n<style type=\"text\/css\" data-created_by=\"avia_inline_auto\" id=\"style-css-av-jjydzu5r-16528688fa9c9ff769238a4157db2a0f\">\n#top .hr.hr-invisible.av-jjydzu5r-16528688fa9c9ff769238a4157db2a0f{\nmargin-top:-50px;\nheight:1px;\n}\n<\/style>\n<div  class='hr av-jjydzu5r-16528688fa9c9ff769238a4157db2a0f hr-invisible  avia-builder-el-6  el_before_av_one_half  avia-builder-el-first  av-desktop-hide av-medium-hide'><span class='hr-inner '><span class=\"hr-inner-style\"><\/span><\/span><\/div>\n<div class='flex_column_table av-g4whr3-9fb4788305f5ea34489da6ca4d6161f8 sc-av_one_half av-equal-height-column-flextable'>\n<style type=\"text\/css\" data-created_by=\"avia_inline_auto\" id=\"style-css-av-g4whr3-9fb4788305f5ea34489da6ca4d6161f8\">\n.flex_column.av-g4whr3-9fb4788305f5ea34489da6ca4d6161f8{\nborder-radius:0px 0px 0px 0px;\npadding:10px 0px 0px 0px;\n}\n<\/style>\n<div  class='flex_column av-g4whr3-9fb4788305f5ea34489da6ca4d6161f8 av_one_half  avia-builder-el-7  el_after_av_hr  el_before_av_one_half  first flex_column_table_cell av-equal-height-column av-align-middle  '     ><section  class='av_textblock_section av-jjydqaau-d047c17c61c5a68aa050b1b425aa0099 '   itemscope=\"itemscope\" itemtype=\"https:\/\/schema.org\/CreativeWork\" ><div class='avia_textblock'  itemprop=\"text\" ><p><strong>Ing\u00e9niosit\u00e9 &#8211; <\/strong>Valeur bas\u00e9e sur l&rsquo;origine et la conception de la soci\u00e9t\u00e9: \u00abUne maison d&rsquo;ing\u00e9nierie\u00bb, o\u00f9, sur la base de la recherche et de la ma\u00eetrise des principes de la science, les connaissances et les techniques sont innov\u00e9es et d\u00e9velopp\u00e9es pour s&rsquo;appliquer, efficacement et avec un minimum de d\u00e9chets, pour r\u00e9soudre des probl\u00e8mes pratiques, former, encourager et faire confiance aux gens \u00abchez eux\u00bb.<\/p>\n<p><strong>V\u00e9rit\u00e9 &#8211; <\/strong>Valeur bas\u00e9e sur l&rsquo;origine et la conception de la soci\u00e9t\u00e9: \u00abUne maison d&rsquo;ing\u00e9nierie\u00bb, o\u00f9, sur la base de la recherche et de la ma\u00eetrise des principes de la science, les connaissances et les techniques sont innov\u00e9es et d\u00e9velopp\u00e9es pour s&rsquo;appliquer, efficacement et avec un minimum de d\u00e9chets, pour r\u00e9soudre des probl\u00e8mes pratiques, former, encourager et faire confiance aux gens \u00abchez eux\u00bb.<\/p>\n<p><strong>Engagement &#8211; <\/strong>Correspond \u00e0 la mani\u00e8re responsable et engag\u00e9e d&rsquo;accepter les d\u00e9fis et les responsabilit\u00e9s, sur la base de l&rsquo;importance de la \u00abParole donn\u00e9e\u00bb et du respect de toutes les obligations, tant avec des tiers qu&rsquo;avec loyaut\u00e9 et complicit\u00e9 avec leurs propres coll\u00e8gues et avec avec l&rsquo;entreprise elle-m\u00eame, dans le respect des autres, pour la dignit\u00e9 de tous les \u00eatres humains et pour la p\u00e9rennit\u00e9 de la communaut\u00e9<\/p>\n<\/div><\/section><\/div><div class='av-flex-placeholder'><\/div>\n<style type=\"text\/css\" data-created_by=\"avia_inline_auto\" id=\"style-css-av-1f69z3-683a083b17779cc5e854f4873a4e4010\">\n.flex_column.av-1f69z3-683a083b17779cc5e854f4873a4e4010{\nborder-radius:0px 0px 0px 0px;\npadding:0px 0px 0px 0px;\n}\n<\/style>\n<div  class='flex_column av-1f69z3-683a083b17779cc5e854f4873a4e4010 av_one_half  avia-builder-el-9  el_after_av_one_half  el_before_av_hr  flex_column_table_cell av-equal-height-column av-align-middle av-zero-column-padding  '     ><style type=\"text\/css\" data-created_by=\"avia_inline_auto\" id=\"style-css-av-jjye4hs5-95441d9b8241cf8412ca4b84373c5be4\">\n.avia-image-container.av-jjye4hs5-95441d9b8241cf8412ca4b84373c5be4 img.avia_image{\nbox-shadow:none;\n}\n.avia-image-container.av-jjye4hs5-95441d9b8241cf8412ca4b84373c5be4 .av-image-caption-overlay-center{\ncolor:#ffffff;\n}\n<\/style>\n<div  class='avia-image-container av-jjye4hs5-95441d9b8241cf8412ca4b84373c5be4 av-styling- avia_animated_image av-animated-when-visible-95 fade-in avia-align-center  avia-builder-el-10  avia-builder-el-no-sibling '   itemprop=\"image\" itemscope=\"itemscope\" itemtype=\"https:\/\/schema.org\/ImageObject\" ><div class=\"avia-image-container-inner\"><div class=\"avia-image-overlay-wrap\"><img decoding=\"async\" fetchpriority=\"high\" class='wp-image-8594 avia-img-lazy-loading-not-8594 avia_image ' src=\"https:\/\/www.tdgiworld.com\/wp-content\/uploads\/valores_teixiera_duarte_fr-1.png\" alt='Mission et Valeurs. Teixeira Duarte' title='Mission et Valeurs. Teixeira Duarte'  height=\"357\" width=\"522\"  itemprop=\"thumbnailUrl\" srcset=\"https:\/\/www.tdgiworld.com\/wp-content\/uploads\/valores_teixiera_duarte_fr-1.png 522w, https:\/\/www.tdgiworld.com\/wp-content\/uploads\/valores_teixiera_duarte_fr-1-450x308.png 450w, https:\/\/www.tdgiworld.com\/wp-content\/uploads\/valores_teixiera_duarte_fr-1-31x21.png 31w\" sizes=\"(max-width: 522px) 100vw, 522px\" \/><\/div><\/div><\/div><\/div><\/div><!--close column table wrapper. Autoclose: 1 -->\n<style type=\"text\/css\" data-created_by=\"avia_inline_auto\" id=\"style-css-av-jjydzu5r-0df7b7012851babd4f42fec9edcd6470\">\n#top .hr.hr-invisible.av-jjydzu5r-0df7b7012851babd4f42fec9edcd6470{\nheight:15px;\n}\n<\/style>\n<div  class='hr av-jjydzu5r-0df7b7012851babd4f42fec9edcd6470 hr-invisible  avia-builder-el-11  el_after_av_one_half  avia-builder-el-last '><span class='hr-inner '><span class=\"hr-inner-style\"><\/span><\/span><\/div>\n<\/p>\n","protected":false},"excerpt":{"rendered":"","protected":false},"author":1,"featured_media":0,"parent":8872,"menu_order":2,"comment_status":"closed","ping_status":"closed","template":"","meta":{"footnotes":"","_links_to":"","_links_to_target":""},"class_list":["post-4142","page","type-page","status-publish","hentry"],"yoast_head":"<!-- This site is optimized with the Yoast SEO Premium plugin v27.1 (Yoast SEO v27.1.1) - https:\/\/yoast.com\/product\/yoast-seo-premium-wordpress\/ -->\n<title>Missions et Valeurs - TDGI - Tecnologia de Gest\u00e3o de Im\u00f3veis, S.A<\/title>\n<meta name=\"description\" content=\"MIMission et Valeurs: Faites, contribuant \u00e0 la construction d&#039;un monde meilleur.\" \/>\n<meta name=\"robots\" content=\"index, follow, max-snippet:-1, max-image-preview:large, max-video-preview:-1\" \/>\n<link rel=\"canonical\" href=\"https:\/\/www.tdgiworld.com\/fr\/a-propos-tdgi\/missions-et-valeurs\/\" \/>\n<meta property=\"og:locale\" content=\"fr_FR\" \/>\n<meta property=\"og:type\" content=\"article\" \/>\n<meta property=\"og:title\" content=\"Missions et Valeurs\" \/>\n<meta property=\"og:description\" content=\"MIMission et Valeurs: Faites, contribuant \u00e0 la construction d&#039;un monde meilleur.\" \/>\n<meta property=\"og:url\" content=\"https:\/\/www.tdgiworld.com\/fr\/a-propos-tdgi\/missions-et-valeurs\/\" \/>\n<meta property=\"og:site_name\" content=\"TDGI - Tecnologia de Gest\u00e3o de Im\u00f3veis, S.A\" \/>\n<meta property=\"article:modified_time\" content=\"2020-05-04T16:27:53+00:00\" \/>\n<meta name=\"twitter:card\" content=\"summary_large_image\" \/>\n<meta name=\"twitter:label1\" content=\"Dur\u00e9e de lecture estim\u00e9e\" \/>\n\t<meta name=\"twitter:data1\" content=\"6 minutes\" \/>\n<script type=\"application\/ld+json\" class=\"yoast-schema-graph\">{\"@context\":\"https:\/\/schema.org\",\"@graph\":[{\"@type\":\"WebPage\",\"@id\":\"https:\/\/www.tdgiworld.com\/fr\/a-propos-tdgi\/missions-et-valeurs\/\",\"url\":\"https:\/\/www.tdgiworld.com\/fr\/a-propos-tdgi\/missions-et-valeurs\/\",\"name\":\"Missions et Valeurs - TDGI - Tecnologia de Gest\u00e3o de Im\u00f3veis, S.A\",\"isPartOf\":{\"@id\":\"https:\/\/www.tdgiworld.com\/#website\"},\"datePublished\":\"2018-07-23T14:52:39+00:00\",\"dateModified\":\"2020-05-04T16:27:53+00:00\",\"description\":\"MIMission et Valeurs: Faites, contribuant \u00e0 la construction d'un monde meilleur.\",\"breadcrumb\":{\"@id\":\"https:\/\/www.tdgiworld.com\/fr\/a-propos-tdgi\/missions-et-valeurs\/#breadcrumb\"},\"inLanguage\":\"fr-FR\",\"potentialAction\":[{\"@type\":\"ReadAction\",\"target\":[\"https:\/\/www.tdgiworld.com\/fr\/a-propos-tdgi\/missions-et-valeurs\/\"]}]},{\"@type\":\"BreadcrumbList\",\"@id\":\"https:\/\/www.tdgiworld.com\/fr\/a-propos-tdgi\/missions-et-valeurs\/#breadcrumb\",\"itemListElement\":[{\"@type\":\"ListItem\",\"position\":1,\"name\":\"In\u00edcio\",\"item\":\"https:\/\/www.tdgiworld.com\/fr\/home\/\"},{\"@type\":\"ListItem\",\"position\":2,\"name\":\"\u00c0 PROPOS TDGI\",\"item\":\"https:\/\/www.tdgiworld.com\/fr\/a-propos-tdgi\/enterprise\/\"},{\"@type\":\"ListItem\",\"position\":3,\"name\":\"Missions et Valeurs\"}]},{\"@type\":\"WebSite\",\"@id\":\"https:\/\/www.tdgiworld.com\/#website\",\"url\":\"https:\/\/www.tdgiworld.com\/\",\"name\":\"TDGI - Tecnologia de Gest\u00e3o de Im\u00f3veis, S.A\",\"description\":\"\",\"publisher\":{\"@id\":\"https:\/\/www.tdgiworld.com\/#organization\"},\"alternateName\":\"TDGI\",\"potentialAction\":[{\"@type\":\"SearchAction\",\"target\":{\"@type\":\"EntryPoint\",\"urlTemplate\":\"https:\/\/www.tdgiworld.com\/?s={search_term_string}\"},\"query-input\":{\"@type\":\"PropertyValueSpecification\",\"valueRequired\":true,\"valueName\":\"search_term_string\"}}],\"inLanguage\":\"fr-FR\"},{\"@type\":\"Organization\",\"@id\":\"https:\/\/www.tdgiworld.com\/#organization\",\"name\":\"TDGI Portugal\",\"alternateName\":\"TDGI\",\"url\":\"https:\/\/www.tdgiworld.com\/\",\"logo\":{\"@type\":\"ImageObject\",\"inLanguage\":\"fr-FR\",\"@id\":\"https:\/\/www.tdgiworld.com\/#\/schema\/logo\/image\/\",\"url\":\"https:\/\/www.tdgiworld.com\/wp-content\/uploads\/2018\/01\/logo_TDGI_home_2.png\",\"contentUrl\":\"https:\/\/www.tdgiworld.com\/wp-content\/uploads\/2018\/01\/logo_TDGI_home_2.png\",\"width\":170,\"height\":77,\"caption\":\"TDGI Portugal\"},\"image\":{\"@id\":\"https:\/\/www.tdgiworld.com\/#\/schema\/logo\/image\/\"},\"sameAs\":[\"https:\/\/pt.linkedin.com\/company\/tdgiworld?trk=similar-pages\",\"http:\/\/www.youtube.com\/@worldtdgi\"]}]}<\/script>\n<!-- \/ Yoast SEO Premium plugin. -->","yoast_head_json":{"title":"Missions et Valeurs - TDGI - Tecnologia de Gest\u00e3o de Im\u00f3veis, S.A","description":"MIMission et Valeurs: Faites, contribuant \u00e0 la construction d'un monde meilleur.","robots":{"index":"index","follow":"follow","max-snippet":"max-snippet:-1","max-image-preview":"max-image-preview:large","max-video-preview":"max-video-preview:-1"},"canonical":"https:\/\/www.tdgiworld.com\/fr\/a-propos-tdgi\/missions-et-valeurs\/","og_locale":"fr_FR","og_type":"article","og_title":"Missions et Valeurs","og_description":"MIMission et Valeurs: Faites, contribuant \u00e0 la construction d'un monde meilleur.","og_url":"https:\/\/www.tdgiworld.com\/fr\/a-propos-tdgi\/missions-et-valeurs\/","og_site_name":"TDGI - Tecnologia de Gest\u00e3o de Im\u00f3veis, S.A","article_modified_time":"2020-05-04T16:27:53+00:00","twitter_card":"summary_large_image","twitter_misc":{"Dur\u00e9e de lecture estim\u00e9e":"6 minutes"},"schema":{"@context":"https:\/\/schema.org","@graph":[{"@type":"WebPage","@id":"https:\/\/www.tdgiworld.com\/fr\/a-propos-tdgi\/missions-et-valeurs\/","url":"https:\/\/www.tdgiworld.com\/fr\/a-propos-tdgi\/missions-et-valeurs\/","name":"Missions et Valeurs - TDGI - Tecnologia de Gest\u00e3o de Im\u00f3veis, S.A","isPartOf":{"@id":"https:\/\/www.tdgiworld.com\/#website"},"datePublished":"2018-07-23T14:52:39+00:00","dateModified":"2020-05-04T16:27:53+00:00","description":"MIMission et Valeurs: Faites, contribuant \u00e0 la construction d'un monde meilleur.","breadcrumb":{"@id":"https:\/\/www.tdgiworld.com\/fr\/a-propos-tdgi\/missions-et-valeurs\/#breadcrumb"},"inLanguage":"fr-FR","potentialAction":[{"@type":"ReadAction","target":["https:\/\/www.tdgiworld.com\/fr\/a-propos-tdgi\/missions-et-valeurs\/"]}]},{"@type":"BreadcrumbList","@id":"https:\/\/www.tdgiworld.com\/fr\/a-propos-tdgi\/missions-et-valeurs\/#breadcrumb","itemListElement":[{"@type":"ListItem","position":1,"name":"In\u00edcio","item":"https:\/\/www.tdgiworld.com\/fr\/home\/"},{"@type":"ListItem","position":2,"name":"\u00c0 PROPOS TDGI","item":"https:\/\/www.tdgiworld.com\/fr\/a-propos-tdgi\/enterprise\/"},{"@type":"ListItem","position":3,"name":"Missions et Valeurs"}]},{"@type":"WebSite","@id":"https:\/\/www.tdgiworld.com\/#website","url":"https:\/\/www.tdgiworld.com\/","name":"TDGI - Tecnologia de Gest\u00e3o de Im\u00f3veis, S.A","description":"","publisher":{"@id":"https:\/\/www.tdgiworld.com\/#organization"},"alternateName":"TDGI","potentialAction":[{"@type":"SearchAction","target":{"@type":"EntryPoint","urlTemplate":"https:\/\/www.tdgiworld.com\/?s={search_term_string}"},"query-input":{"@type":"PropertyValueSpecification","valueRequired":true,"valueName":"search_term_string"}}],"inLanguage":"fr-FR"},{"@type":"Organization","@id":"https:\/\/www.tdgiworld.com\/#organization","name":"TDGI Portugal","alternateName":"TDGI","url":"https:\/\/www.tdgiworld.com\/","logo":{"@type":"ImageObject","inLanguage":"fr-FR","@id":"https:\/\/www.tdgiworld.com\/#\/schema\/logo\/image\/","url":"https:\/\/www.tdgiworld.com\/wp-content\/uploads\/2018\/01\/logo_TDGI_home_2.png","contentUrl":"https:\/\/www.tdgiworld.com\/wp-content\/uploads\/2018\/01\/logo_TDGI_home_2.png","width":170,"height":77,"caption":"TDGI Portugal"},"image":{"@id":"https:\/\/www.tdgiworld.com\/#\/schema\/logo\/image\/"},"sameAs":["https:\/\/pt.linkedin.com\/company\/tdgiworld?trk=similar-pages","http:\/\/www.youtube.com\/@worldtdgi"]}]}},"_links":{"self":[{"href":"https:\/\/www.tdgiworld.com\/fr\/wp-json\/wp\/v2\/pages\/4142","targetHints":{"allow":["GET"]}}],"collection":[{"href":"https:\/\/www.tdgiworld.com\/fr\/wp-json\/wp\/v2\/pages"}],"about":[{"href":"https:\/\/www.tdgiworld.com\/fr\/wp-json\/wp\/v2\/types\/page"}],"author":[{"embeddable":true,"href":"https:\/\/www.tdgiworld.com\/fr\/wp-json\/wp\/v2\/users\/1"}],"replies":[{"embeddable":true,"href":"https:\/\/www.tdgiworld.com\/fr\/wp-json\/wp\/v2\/comments?post=4142"}],"version-history":[{"count":0,"href":"https:\/\/www.tdgiworld.com\/fr\/wp-json\/wp\/v2\/pages\/4142\/revisions"}],"up":[{"embeddable":true,"href":"https:\/\/www.tdgiworld.com\/fr\/wp-json\/wp\/v2\/pages\/8872"}],"wp:attachment":[{"href":"https:\/\/www.tdgiworld.com\/fr\/wp-json\/wp\/v2\/media?parent=4142"}],"curies":[{"name":"wp","href":"https:\/\/api.w.org\/{rel}","templated":true}]}}